{"id":28049,"date":"2025-12-10T19:09:24","date_gmt":"2025-12-10T17:09:24","guid":{"rendered":"https:\/\/shop.vallin.lv\/product\/ime-passing-cable-tt35-tatrasd-50-450a-4-20ma-a10-34vcc2fili\/"},"modified":"2026-04-16T13:29:30","modified_gmt":"2026-04-16T11:29:30","slug":"ime-passing-cable-tt35-tatrasd-50-450a-4-20ma-a10-34vcc2fili","status":"publish","type":"product","link":"https:\/\/shop.vallin.lv\/lt\/produktas\/ime-passing-cable-tt35-tatrasd-50-450a-4-20ma-a10-34vcc2fili\/","title":{"rendered":"IME KABELIS TT35 TA+TRASD 50-450A 4-20mA A10-34Vcc2FILI"},"content":{"rendered":"<p><a href=\"https:\/\/assets.legrand.com\/pim\/NP-FT-GT\/10780221FR.pdf\" target=\"_blank\" rel=\"noopener\">Daugiau informacijos<\/a><\/p>\n<p>Duomen\u0173 lapas:<br \/>\n<a href=\"https:\/\/assets.legrand.com\/pim\/NP-FT-GT\/10780221FR.pdf\" target=\"_blank\" rel=\"noopener\">Per\u017ei\u016br\u0117ti<\/a><\/p>","protected":false},"excerpt":{"rendered":"<p>More information Data Sheet: View<\/p>","protected":false},"featured_media":28049,"template":"","meta":[],"product_brand":[],"product_cat":[818],"product_tag":[],"class_list":{"0":"post-28049","1":"product","2":"type-product","3":"status-publish","4":"has-post-thumbnail","6":"product_cat-current-transformers","8":"first","9":"instock","10":"taxable","11":"shipping-taxable","12":"purchasable","13":"product-type-simple"},"_links":{"self":[{"href":"https:\/\/shop.vallin.lv\/lt\/wp-json\/wp\/v2\/product\/28049","targetHints":{"allow":["GET"]}}],"collection":[{"href":"https:\/\/shop.vallin.lv\/lt\/wp-json\/wp\/v2\/product"}],"about":[{"href":"https:\/\/shop.vallin.lv\/lt\/wp-json\/wp\/v2\/types\/product"}],"version-history":[{"count":4,"href":"https:\/\/shop.vallin.lv\/lt\/wp-json\/wp\/v2\/product\/28049\/revisions"}],"predecessor-version":[{"id":56624,"href":"https:\/\/shop.vallin.lv\/lt\/wp-json\/wp\/v2\/product\/28049\/revisions\/56624"}],"wp:featuredmedia":[{"embeddable":true,"href":"https:\/\/shop.vallin.lv\/lt\/wp-json\/wp\/v2\/product\/28049"}],"wp:attachment":[{"href":"https:\/\/shop.vallin.lv\/lt\/wp-json\/wp\/v2\/media?parent=28049"}],"wp:term":[{"taxonomy":"product_brand","embeddable":true,"href":"https:\/\/shop.vallin.lv\/lt\/wp-json\/wp\/v2\/product_brand?post=28049"},{"taxonomy":"product_cat","embeddable":true,"href":"https:\/\/shop.vallin.lv\/lt\/wp-json\/wp\/v2\/product_cat?post=28049"},{"taxonomy":"product_tag","embeddable":true,"href":"https:\/\/shop.vallin.lv\/lt\/wp-json\/wp\/v2\/product_tag?post=28049"}],"curies":[{"name":"wp","href":"https:\/\/api.w.org\/{rel}","templated":true}]}}