{"id":26512,"date":"2025-12-10T18:39:24","date_gmt":"2025-12-10T16:39:24","guid":{"rendered":"https:\/\/shop.vallin.lv\/product\/tas65-ta-cl-02-32x65mm-1250-5a\/"},"modified":"2026-04-16T14:03:48","modified_gmt":"2026-04-16T12:03:48","slug":"tas65-ta-cl-02-32x65mm-1250-5a","status":"publish","type":"product","link":"https:\/\/shop.vallin.lv\/lt\/produktas\/tas65-ta-cl-02-32x65mm-1250-5a\/","title":{"rendered":"TAS65 TA CL.0,2 32x65mm 1250\/5A"},"content":{"rendered":"<p><a href=\"https:\/\/assets.legrand.com\/pim\/NP-FT-GT\/NT-831.PDF\" target=\"_blank\" rel=\"noopener\">Daugiau informacijos<\/a><\/p>\n<p>Duomen\u0173 lapas:<br \/>\n<a href=\"https:\/\/assets.legrand.com\/pim\/NP-FT-GT\/NT-831.PDF\" target=\"_blank\" rel=\"noopener\">Per\u017ei\u016br\u0117ti<\/a><\/p>","protected":false},"excerpt":{"rendered":"<p>More information Data Sheet: View<\/p>","protected":false},"featured_media":26512,"template":"","meta":[],"product_brand":[],"product_cat":[818],"product_tag":[],"class_list":{"0":"post-26512","1":"product","2":"type-product","3":"status-publish","4":"has-post-thumbnail","6":"product_cat-current-transformers","8":"first","9":"outofstock","10":"taxable","11":"shipping-taxable","12":"purchasable","13":"product-type-simple"},"_links":{"self":[{"href":"https:\/\/shop.vallin.lv\/lt\/wp-json\/wp\/v2\/product\/26512","targetHints":{"allow":["GET"]}}],"collection":[{"href":"https:\/\/shop.vallin.lv\/lt\/wp-json\/wp\/v2\/product"}],"about":[{"href":"https:\/\/shop.vallin.lv\/lt\/wp-json\/wp\/v2\/types\/product"}],"version-history":[{"count":4,"href":"https:\/\/shop.vallin.lv\/lt\/wp-json\/wp\/v2\/product\/26512\/revisions"}],"predecessor-version":[{"id":55735,"href":"https:\/\/shop.vallin.lv\/lt\/wp-json\/wp\/v2\/product\/26512\/revisions\/55735"}],"wp:featuredmedia":[{"embeddable":true,"href":"https:\/\/shop.vallin.lv\/lt\/wp-json\/wp\/v2\/product\/26512"}],"wp:attachment":[{"href":"https:\/\/shop.vallin.lv\/lt\/wp-json\/wp\/v2\/media?parent=26512"}],"wp:term":[{"taxonomy":"product_brand","embeddable":true,"href":"https:\/\/shop.vallin.lv\/lt\/wp-json\/wp\/v2\/product_brand?post=26512"},{"taxonomy":"product_cat","embeddable":true,"href":"https:\/\/shop.vallin.lv\/lt\/wp-json\/wp\/v2\/product_cat?post=26512"},{"taxonomy":"product_tag","embeddable":true,"href":"https:\/\/shop.vallin.lv\/lt\/wp-json\/wp\/v2\/product_tag?post=26512"}],"curies":[{"name":"wp","href":"https:\/\/api.w.org\/{rel}","templated":true}]}}