{"id":26452,"date":"2025-12-10T18:38:06","date_gmt":"2025-12-10T16:38:06","guid":{"rendered":"https:\/\/shop.vallin.lv\/product\/tas65-ta-65x32mm-600-5a-term-long-side\/"},"modified":"2026-03-12T14:22:54","modified_gmt":"2026-03-12T12:22:54","slug":"tas65-ta-65x32mm-600-5a-term-long-side","status":"publish","type":"product","link":"https:\/\/shop.vallin.lv\/lt\/produktas\/tas65-ta-65x32mm-600-5a-term-long-side\/","title":{"rendered":"TAS65 TA 65x32mm 600\/5A TERMO LONG PUS\u0116"},"content":{"rendered":"<p><a href=\"https:\/\/assets.legrand.com\/pim\/DOCUMENT\/LGRP-02113-V01.01-EN.pdf\" target=\"_blank\">Daugiau informacijos<\/a><\/p>\n<p>Duomen\u0173 lapas:<br \/>\n<a href=\"https:\/\/assets.legrand.com\/pim\/DOCUMENT\/LGRP-02113-V01.01-EN.pdf\" target=\"_blank\">Per\u017ei\u016br\u0117ti<\/a><\/p>","protected":false},"excerpt":{"rendered":"<p>More information Data Sheet: View<\/p>","protected":false},"featured_media":26452,"template":"","meta":[],"product_brand":[],"product_cat":[818],"product_tag":[],"class_list":{"0":"post-26452","1":"product","2":"type-product","3":"status-publish","4":"has-post-thumbnail","6":"product_cat-current-transformers","8":"first","9":"outofstock","10":"taxable","11":"shipping-taxable","12":"purchasable","13":"product-type-simple"},"_links":{"self":[{"href":"https:\/\/shop.vallin.lv\/lt\/wp-json\/wp\/v2\/product\/26452","targetHints":{"allow":["GET"]}}],"collection":[{"href":"https:\/\/shop.vallin.lv\/lt\/wp-json\/wp\/v2\/product"}],"about":[{"href":"https:\/\/shop.vallin.lv\/lt\/wp-json\/wp\/v2\/types\/product"}],"version-history":[{"count":4,"href":"https:\/\/shop.vallin.lv\/lt\/wp-json\/wp\/v2\/product\/26452\/revisions"}],"predecessor-version":[{"id":55709,"href":"https:\/\/shop.vallin.lv\/lt\/wp-json\/wp\/v2\/product\/26452\/revisions\/55709"}],"wp:featuredmedia":[{"embeddable":true,"href":"https:\/\/shop.vallin.lv\/lt\/wp-json\/wp\/v2\/product\/26452"}],"wp:attachment":[{"href":"https:\/\/shop.vallin.lv\/lt\/wp-json\/wp\/v2\/media?parent=26452"}],"wp:term":[{"taxonomy":"product_brand","embeddable":true,"href":"https:\/\/shop.vallin.lv\/lt\/wp-json\/wp\/v2\/product_brand?post=26452"},{"taxonomy":"product_cat","embeddable":true,"href":"https:\/\/shop.vallin.lv\/lt\/wp-json\/wp\/v2\/product_cat?post=26452"},{"taxonomy":"product_tag","embeddable":true,"href":"https:\/\/shop.vallin.lv\/lt\/wp-json\/wp\/v2\/product_tag?post=26452"}],"curies":[{"name":"wp","href":"https:\/\/api.w.org\/{rel}","templated":true}]}}