{"id":25857,"date":"2025-12-10T18:26:35","date_gmt":"2025-12-10T16:26:35","guid":{"rendered":"https:\/\/shop.vallin.lv\/product\/ime-passing-cable-taibb-ta-d-21mm-16x125mm-120-5a\/"},"modified":"2026-04-16T13:26:27","modified_gmt":"2026-04-16T11:26:27","slug":"ime-passing-cable-taibb-ta-d-21mm-16x125mm-120-5a","status":"publish","type":"product","link":"https:\/\/shop.vallin.lv\/lt\/produktas\/ime-passing-cable-taibb-ta-d-21mm-16x125mm-120-5a\/","title":{"rendered":"IME TAIBB TA D.21mm-16x12,5mm 120\/5A"},"content":{"rendered":"<p><a href=\"https:\/\/assets.legrand.com\/pim\/DOCUMENT\/LGRP-01751-V01.01-EN.pdf\" target=\"_blank\" rel=\"noopener\">Daugiau informacijos<\/a><\/p>\n<p>Duomen\u0173 lapas:<br \/>\n<a href=\"https:\/\/assets.legrand.com\/pim\/DOCUMENT\/LGRP-01751-V01.01-EN.pdf\" target=\"_blank\" rel=\"noopener\">Per\u017ei\u016br\u0117ti<\/a><\/p>","protected":false},"excerpt":{"rendered":"<p>More information Data Sheet: View<\/p>","protected":false},"featured_media":25857,"template":"","meta":[],"product_brand":[],"product_cat":[818],"product_tag":[],"class_list":{"0":"post-25857","1":"product","2":"type-product","3":"status-publish","4":"has-post-thumbnail","6":"product_cat-current-transformers","8":"first","9":"outofstock","10":"taxable","11":"shipping-taxable","12":"purchasable","13":"product-type-simple"},"_links":{"self":[{"href":"https:\/\/shop.vallin.lv\/lt\/wp-json\/wp\/v2\/product\/25857","targetHints":{"allow":["GET"]}}],"collection":[{"href":"https:\/\/shop.vallin.lv\/lt\/wp-json\/wp\/v2\/product"}],"about":[{"href":"https:\/\/shop.vallin.lv\/lt\/wp-json\/wp\/v2\/types\/product"}],"version-history":[{"count":4,"href":"https:\/\/shop.vallin.lv\/lt\/wp-json\/wp\/v2\/product\/25857\/revisions"}],"predecessor-version":[{"id":55327,"href":"https:\/\/shop.vallin.lv\/lt\/wp-json\/wp\/v2\/product\/25857\/revisions\/55327"}],"wp:featuredmedia":[{"embeddable":true,"href":"https:\/\/shop.vallin.lv\/lt\/wp-json\/wp\/v2\/product\/25857"}],"wp:attachment":[{"href":"https:\/\/shop.vallin.lv\/lt\/wp-json\/wp\/v2\/media?parent=25857"}],"wp:term":[{"taxonomy":"product_brand","embeddable":true,"href":"https:\/\/shop.vallin.lv\/lt\/wp-json\/wp\/v2\/product_brand?post=25857"},{"taxonomy":"product_cat","embeddable":true,"href":"https:\/\/shop.vallin.lv\/lt\/wp-json\/wp\/v2\/product_cat?post=25857"},{"taxonomy":"product_tag","embeddable":true,"href":"https:\/\/shop.vallin.lv\/lt\/wp-json\/wp\/v2\/product_tag?post=25857"}],"curies":[{"name":"wp","href":"https:\/\/api.w.org\/{rel}","templated":true}]}}