{"id":25856,"date":"2025-12-10T18:26:34","date_gmt":"2025-12-10T16:26:34","guid":{"rendered":"https:\/\/shop.vallin.lv\/product\/ime-passing-cable-taibb-ta-d-21mm-16x125mm-100-5a\/"},"modified":"2026-05-07T15:55:49","modified_gmt":"2026-05-07T13:55:49","slug":"ime-passing-cable-taibb-ta-d-21mm-16x125mm-100-5a","status":"publish","type":"product","link":"https:\/\/shop.vallin.lv\/lt\/produktas\/ime-passing-cable-taibb-ta-d-21mm-16x125mm-100-5a\/","title":{"rendered":"IME TAIBB TA D.21mm-16x12,5mm 100\/5A"},"content":{"rendered":"<p><a href=\"https:\/\/assets.legrand.com\/pim\/DOCUMENT\/LGRP-01751-V01.01-EN.pdf\" target=\"_blank\" rel=\"noopener\">Daugiau informacijos<\/a><\/p>\n<p>Duomen\u0173 lapas:<br \/>\n<a href=\"https:\/\/assets.legrand.com\/pim\/DOCUMENT\/LGRP-01751-V01.01-EN.pdf\" target=\"_blank\" rel=\"noopener\">Per\u017ei\u016br\u0117ti<\/a><\/p>","protected":false},"excerpt":{"rendered":"<p>More information Data Sheet: View<\/p>","protected":false},"featured_media":25856,"template":"","meta":[],"product_brand":[],"product_cat":[818],"product_tag":[],"class_list":{"0":"post-25856","1":"product","2":"type-product","3":"status-publish","4":"has-post-thumbnail","6":"product_cat-current-transformers","8":"first","9":"instock","10":"taxable","11":"shipping-taxable","12":"purchasable","13":"product-type-simple"},"_links":{"self":[{"href":"https:\/\/shop.vallin.lv\/lt\/wp-json\/wp\/v2\/product\/25856","targetHints":{"allow":["GET"]}}],"collection":[{"href":"https:\/\/shop.vallin.lv\/lt\/wp-json\/wp\/v2\/product"}],"about":[{"href":"https:\/\/shop.vallin.lv\/lt\/wp-json\/wp\/v2\/types\/product"}],"version-history":[{"count":4,"href":"https:\/\/shop.vallin.lv\/lt\/wp-json\/wp\/v2\/product\/25856\/revisions"}],"predecessor-version":[{"id":55326,"href":"https:\/\/shop.vallin.lv\/lt\/wp-json\/wp\/v2\/product\/25856\/revisions\/55326"}],"wp:featuredmedia":[{"embeddable":true,"href":"https:\/\/shop.vallin.lv\/lt\/wp-json\/wp\/v2\/product\/25856"}],"wp:attachment":[{"href":"https:\/\/shop.vallin.lv\/lt\/wp-json\/wp\/v2\/media?parent=25856"}],"wp:term":[{"taxonomy":"product_brand","embeddable":true,"href":"https:\/\/shop.vallin.lv\/lt\/wp-json\/wp\/v2\/product_brand?post=25856"},{"taxonomy":"product_cat","embeddable":true,"href":"https:\/\/shop.vallin.lv\/lt\/wp-json\/wp\/v2\/product_cat?post=25856"},{"taxonomy":"product_tag","embeddable":true,"href":"https:\/\/shop.vallin.lv\/lt\/wp-json\/wp\/v2\/product_tag?post=25856"}],"curies":[{"name":"wp","href":"https:\/\/api.w.org\/{rel}","templated":true}]}}