{"id":23896,"date":"2025-12-10T17:49:59","date_gmt":"2025-12-10T15:49:59","guid":{"rendered":"https:\/\/shop.vallin.lv\/product\/shunt-25a-100mv-con-basetta-2\/"},"modified":"2026-03-12T14:54:18","modified_gmt":"2026-03-12T12:54:18","slug":"shunt-25a-100mv-con-basetta-2","status":"publish","type":"product","link":"https:\/\/shop.vallin.lv\/lt\/produktas\/shunt-25a-100mv-con-basetta-2\/","title":{"rendered":"SHUNT 25A-100mV CON BASETTA"},"content":{"rendered":"<p><a href=\"https:\/\/assets.legrand.com\/pim\/NP-FT-GT\/NT-773.PDF\" target=\"_blank\">Daugiau informacijos<\/a><\/p>\n<p>Duomen\u0173 lapas:<br \/>\n<a href=\"https:\/\/assets.legrand.com\/pim\/NP-FT-GT\/NT-773.PDF\" target=\"_blank\">Per\u017ei\u016br\u0117ti<\/a><\/p>","protected":false},"excerpt":{"rendered":"<p>More information Data Sheet: View<\/p>","protected":false},"featured_media":23896,"template":"","meta":[],"product_brand":[],"product_cat":[725],"product_tag":[],"class_list":{"0":"post-23896","1":"product","2":"type-product","3":"status-publish","4":"has-post-thumbnail","6":"product_cat-multifunctional","8":"first","9":"outofstock","10":"taxable","11":"shipping-taxable","12":"purchasable","13":"product-type-simple"},"_links":{"self":[{"href":"https:\/\/shop.vallin.lv\/lt\/wp-json\/wp\/v2\/product\/23896","targetHints":{"allow":["GET"]}}],"collection":[{"href":"https:\/\/shop.vallin.lv\/lt\/wp-json\/wp\/v2\/product"}],"about":[{"href":"https:\/\/shop.vallin.lv\/lt\/wp-json\/wp\/v2\/types\/product"}],"version-history":[{"count":4,"href":"https:\/\/shop.vallin.lv\/lt\/wp-json\/wp\/v2\/product\/23896\/revisions"}],"predecessor-version":[{"id":54463,"href":"https:\/\/shop.vallin.lv\/lt\/wp-json\/wp\/v2\/product\/23896\/revisions\/54463"}],"wp:featuredmedia":[{"embeddable":true,"href":"https:\/\/shop.vallin.lv\/lt\/wp-json\/wp\/v2\/product\/23896"}],"wp:attachment":[{"href":"https:\/\/shop.vallin.lv\/lt\/wp-json\/wp\/v2\/media?parent=23896"}],"wp:term":[{"taxonomy":"product_brand","embeddable":true,"href":"https:\/\/shop.vallin.lv\/lt\/wp-json\/wp\/v2\/product_brand?post=23896"},{"taxonomy":"product_cat","embeddable":true,"href":"https:\/\/shop.vallin.lv\/lt\/wp-json\/wp\/v2\/product_cat?post=23896"},{"taxonomy":"product_tag","embeddable":true,"href":"https:\/\/shop.vallin.lv\/lt\/wp-json\/wp\/v2\/product_tag?post=23896"}],"curies":[{"name":"wp","href":"https:\/\/api.w.org\/{rel}","templated":true}]}}