{"id":23545,"date":"2025-12-10T17:44:14","date_gmt":"2025-12-10T15:44:14","guid":{"rendered":"https:\/\/shop.vallin.lv\/product\/aq96m-amp-dc-96x96-5ma-2\/"},"modified":"2026-04-16T13:59:13","modified_gmt":"2026-04-16T11:59:13","slug":"aq96m-amp-dc-96x96-5ma-2","status":"publish","type":"product","link":"https:\/\/shop.vallin.lv\/lt\/produktas\/aq96m-amp-dc-96x96-5ma-2\/","title":{"rendered":"AQ96M AMP DC 96x96 +-5mA"},"content":{"rendered":"<p><a href=\"https:\/\/assets.legrand.com\/pim\/NP-FT-GT\/NT-794.PDF\" target=\"_blank\" rel=\"noopener\">Daugiau informacijos<\/a><\/p>\n<p>Duomen\u0173 lapas:<br \/>\n<a href=\"https:\/\/assets.legrand.com\/pim\/NP-FT-GT\/NT-794.PDF\" target=\"_blank\" rel=\"noopener\">Per\u017ei\u016br\u0117ti<\/a><\/p>","protected":false},"excerpt":{"rendered":"<p>More information Data Sheet: View<\/p>","protected":false},"featured_media":23545,"template":"","meta":[],"product_brand":[],"product_cat":[820],"product_tag":[],"class_list":{"0":"post-23545","1":"product","2":"type-product","3":"status-publish","4":"has-post-thumbnail","6":"product_cat-analogue","8":"first","9":"outofstock","10":"taxable","11":"shipping-taxable","12":"purchasable","13":"product-type-simple"},"_links":{"self":[{"href":"https:\/\/shop.vallin.lv\/lt\/wp-json\/wp\/v2\/product\/23545","targetHints":{"allow":["GET"]}}],"collection":[{"href":"https:\/\/shop.vallin.lv\/lt\/wp-json\/wp\/v2\/product"}],"about":[{"href":"https:\/\/shop.vallin.lv\/lt\/wp-json\/wp\/v2\/types\/product"}],"version-history":[{"count":4,"href":"https:\/\/shop.vallin.lv\/lt\/wp-json\/wp\/v2\/product\/23545\/revisions"}],"predecessor-version":[{"id":54190,"href":"https:\/\/shop.vallin.lv\/lt\/wp-json\/wp\/v2\/product\/23545\/revisions\/54190"}],"wp:featuredmedia":[{"embeddable":true,"href":"https:\/\/shop.vallin.lv\/lt\/wp-json\/wp\/v2\/product\/23545"}],"wp:attachment":[{"href":"https:\/\/shop.vallin.lv\/lt\/wp-json\/wp\/v2\/media?parent=23545"}],"wp:term":[{"taxonomy":"product_brand","embeddable":true,"href":"https:\/\/shop.vallin.lv\/lt\/wp-json\/wp\/v2\/product_brand?post=23545"},{"taxonomy":"product_cat","embeddable":true,"href":"https:\/\/shop.vallin.lv\/lt\/wp-json\/wp\/v2\/product_cat?post=23545"},{"taxonomy":"product_tag","embeddable":true,"href":"https:\/\/shop.vallin.lv\/lt\/wp-json\/wp\/v2\/product_tag?post=23545"}],"curies":[{"name":"wp","href":"https:\/\/api.w.org\/{rel}","templated":true}]}}