{"id":22273,"date":"2025-12-10T17:24:44","date_gmt":"2025-12-10T15:24:44","guid":{"rendered":"https:\/\/shop.vallin.lv\/product\/124767-cover-to-frbu-long\/"},"modified":"2026-01-22T14:12:06","modified_gmt":"2026-01-22T12:12:06","slug":"124767-cover-to-frbu-long","status":"publish","type":"product","link":"https:\/\/shop.vallin.lv\/lt\/produktas\/124767-cover-to-frbu-long\/","title":{"rendered":"124767 U\u017edenkite FRBU ilgai"},"content":{"rendered":"<p><a href=\"https:\/\/www.hellermanntyton.se\/857-20077\" target=\"_blank\" rel=\"noopener\">Daugiau informacijos<\/a><\/p>\n<p>Duomen\u0173 lapas:<br \/>\n<a href=\"https:\/\/www.hellermanntyton.se\/857-20077\" target=\"_blank\" rel=\"noopener\">Per\u017ei\u016br\u0117ti<\/a><\/p>","protected":false},"excerpt":{"rendered":"<p>More information Data Sheet: View<\/p>","protected":false},"featured_media":0,"template":"","meta":[],"product_brand":[],"product_cat":[504],"product_tag":[],"class_list":{"0":"post-22273","1":"product","2":"type-product","3":"status-publish","5":"product_cat-cable-closures","7":"first","8":"outofstock","9":"taxable","10":"shipping-taxable","11":"purchasable","12":"product-type-simple"},"_links":{"self":[{"href":"https:\/\/shop.vallin.lv\/lt\/wp-json\/wp\/v2\/product\/22273","targetHints":{"allow":["GET"]}}],"collection":[{"href":"https:\/\/shop.vallin.lv\/lt\/wp-json\/wp\/v2\/product"}],"about":[{"href":"https:\/\/shop.vallin.lv\/lt\/wp-json\/wp\/v2\/types\/product"}],"version-history":[{"count":3,"href":"https:\/\/shop.vallin.lv\/lt\/wp-json\/wp\/v2\/product\/22273\/revisions"}],"predecessor-version":[{"id":66621,"href":"https:\/\/shop.vallin.lv\/lt\/wp-json\/wp\/v2\/product\/22273\/revisions\/66621"}],"wp:attachment":[{"href":"https:\/\/shop.vallin.lv\/lt\/wp-json\/wp\/v2\/media?parent=22273"}],"wp:term":[{"taxonomy":"product_brand","embeddable":true,"href":"https:\/\/shop.vallin.lv\/lt\/wp-json\/wp\/v2\/product_brand?post=22273"},{"taxonomy":"product_cat","embeddable":true,"href":"https:\/\/shop.vallin.lv\/lt\/wp-json\/wp\/v2\/product_cat?post=22273"},{"taxonomy":"product_tag","embeddable":true,"href":"https:\/\/shop.vallin.lv\/lt\/wp-json\/wp\/v2\/product_tag?post=22273"}],"curies":[{"name":"wp","href":"https:\/\/api.w.org\/{rel}","templated":true}]}}