{"id":21896,"date":"2025-12-10T17:21:38","date_gmt":"2025-12-10T15:21:38","guid":{"rendered":"https:\/\/shop.vallin.lv\/product\/id-wic3-p-ye-100p\/"},"modified":"2026-03-12T14:11:40","modified_gmt":"2026-03-12T12:11:40","slug":"id-wic3-p-ye-100p","status":"publish","type":"product","link":"https:\/\/shop.vallin.lv\/lt\/produktas\/id-wic3-p-ye-100p\/","title":{"rendered":"ID Wic3 P YE 100p"},"content":{"rendered":"<p><a href=\"https:\/\/www.hellermanntyton.se\/561-03164\" target=\"_blank\" rel=\"noopener\">Daugiau informacijos<\/a><\/p>\n<p>Duomen\u0173 lapas:<br \/>\n<a href=\"https:\/\/www.hellermanntyton.se\/561-03164\" target=\"_blank\" rel=\"noopener\">Per\u017ei\u016br\u0117ti<\/a><\/p>","protected":false},"excerpt":{"rendered":"<p>More information Data Sheet: View<\/p>","protected":false},"featured_media":21896,"template":"","meta":[],"product_brand":[],"product_cat":[781],"product_tag":[],"class_list":{"0":"post-21896","1":"product","2":"type-product","3":"status-publish","4":"has-post-thumbnail","6":"product_cat-cable-markings","8":"first","9":"instock","10":"taxable","11":"shipping-taxable","12":"purchasable","13":"product-type-simple"},"_links":{"self":[{"href":"https:\/\/shop.vallin.lv\/lt\/wp-json\/wp\/v2\/product\/21896","targetHints":{"allow":["GET"]}}],"collection":[{"href":"https:\/\/shop.vallin.lv\/lt\/wp-json\/wp\/v2\/product"}],"about":[{"href":"https:\/\/shop.vallin.lv\/lt\/wp-json\/wp\/v2\/types\/product"}],"version-history":[{"count":4,"href":"https:\/\/shop.vallin.lv\/lt\/wp-json\/wp\/v2\/product\/21896\/revisions"}],"predecessor-version":[{"id":70182,"href":"https:\/\/shop.vallin.lv\/lt\/wp-json\/wp\/v2\/product\/21896\/revisions\/70182"}],"wp:featuredmedia":[{"embeddable":true,"href":"https:\/\/shop.vallin.lv\/lt\/wp-json\/wp\/v2\/product\/21896"}],"wp:attachment":[{"href":"https:\/\/shop.vallin.lv\/lt\/wp-json\/wp\/v2\/media?parent=21896"}],"wp:term":[{"taxonomy":"product_brand","embeddable":true,"href":"https:\/\/shop.vallin.lv\/lt\/wp-json\/wp\/v2\/product_brand?post=21896"},{"taxonomy":"product_cat","embeddable":true,"href":"https:\/\/shop.vallin.lv\/lt\/wp-json\/wp\/v2\/product_cat?post=21896"},{"taxonomy":"product_tag","embeddable":true,"href":"https:\/\/shop.vallin.lv\/lt\/wp-json\/wp\/v2\/product_tag?post=21896"}],"curies":[{"name":"wp","href":"https:\/\/api.w.org\/{rel}","templated":true}]}}