{"id":21673,"date":"2025-12-10T17:19:40","date_gmt":"2025-12-10T15:19:40","guid":{"rendered":"https:\/\/shop.vallin.lv\/product\/tlfx127ds-2x25ye-3000p\/"},"modified":"2026-03-12T14:09:38","modified_gmt":"2026-03-12T12:09:38","slug":"tlfx127ds-2x25ye-3000p","status":"publish","type":"product","link":"https:\/\/shop.vallin.lv\/lt\/produktas\/tlfx127ds-2x25ye-3000p\/","title":{"rendered":"TLFX127DS-2x25YE 3000p"},"content":{"rendered":"<p><a href=\"https:\/\/www.hellermanntyton.se\/553-60034\" target=\"_blank\" rel=\"noopener\">Daugiau informacijos<\/a><\/p>\n<p>Duomen\u0173 lapas:<br \/>\n<a href=\"https:\/\/www.hellermanntyton.se\/553-60034\" target=\"_blank\" rel=\"noopener\">Per\u017ei\u016br\u0117ti<\/a><\/p>","protected":false},"excerpt":{"rendered":"<p>More information Data Sheet: View<\/p>","protected":false},"featured_media":21673,"template":"","meta":[],"product_brand":[],"product_cat":[781],"product_tag":[],"class_list":{"0":"post-21673","1":"product","2":"type-product","3":"status-publish","4":"has-post-thumbnail","6":"product_cat-cable-markings","8":"first","9":"outofstock","10":"taxable","11":"shipping-taxable","12":"purchasable","13":"product-type-simple"},"_links":{"self":[{"href":"https:\/\/shop.vallin.lv\/lt\/wp-json\/wp\/v2\/product\/21673","targetHints":{"allow":["GET"]}}],"collection":[{"href":"https:\/\/shop.vallin.lv\/lt\/wp-json\/wp\/v2\/product"}],"about":[{"href":"https:\/\/shop.vallin.lv\/lt\/wp-json\/wp\/v2\/types\/product"}],"version-history":[{"count":3,"href":"https:\/\/shop.vallin.lv\/lt\/wp-json\/wp\/v2\/product\/21673\/revisions"}],"predecessor-version":[{"id":66021,"href":"https:\/\/shop.vallin.lv\/lt\/wp-json\/wp\/v2\/product\/21673\/revisions\/66021"}],"wp:featuredmedia":[{"embeddable":true,"href":"https:\/\/shop.vallin.lv\/lt\/wp-json\/wp\/v2\/product\/21673"}],"wp:attachment":[{"href":"https:\/\/shop.vallin.lv\/lt\/wp-json\/wp\/v2\/media?parent=21673"}],"wp:term":[{"taxonomy":"product_brand","embeddable":true,"href":"https:\/\/shop.vallin.lv\/lt\/wp-json\/wp\/v2\/product_brand?post=21673"},{"taxonomy":"product_cat","embeddable":true,"href":"https:\/\/shop.vallin.lv\/lt\/wp-json\/wp\/v2\/product_cat?post=21673"},{"taxonomy":"product_tag","embeddable":true,"href":"https:\/\/shop.vallin.lv\/lt\/wp-json\/wp\/v2\/product_tag?post=21673"}],"curies":[{"name":"wp","href":"https:\/\/api.w.org\/{rel}","templated":true}]}}