{"id":21233,"date":"2025-12-10T17:14:22","date_gmt":"2025-12-10T15:14:22","guid":{"rendered":"https:\/\/shop.vallin.lv\/product\/shrnk-tf31-ul-40-13-gnye-30m\/"},"modified":"2026-03-12T14:06:06","modified_gmt":"2026-03-12T12:06:06","slug":"shrnk-tf31-ul-40-13-gnye-30m","status":"publish","type":"product","link":"https:\/\/shop.vallin.lv\/lt\/produktas\/shrnk-tf31-ul-40-13-gnye-30m\/","title":{"rendered":"Shrnk TF31 UL 40\/13 GNYE 30m"},"content":{"rendered":"<p><a href=\"https:\/\/www.hellermanntyton.se\/333-34007\" target=\"_blank\" rel=\"noopener\">Daugiau informacijos<\/a><\/p>\n<p>Duomen\u0173 lapas:<br \/>\n<a href=\"https:\/\/www.hellermanntyton.se\/333-34007\" target=\"_blank\" rel=\"noopener\">Per\u017ei\u016br\u0117ti<\/a><\/p>","protected":false},"excerpt":{"rendered":"<p>More information Data Sheet: View<\/p>","protected":false},"featured_media":21233,"template":"","meta":[],"product_brand":[],"product_cat":[778],"product_tag":[],"class_list":{"0":"post-21233","1":"product","2":"type-product","3":"status-publish","4":"has-post-thumbnail","6":"product_cat-insulation-tapes-and-heat-shrinkable-tubes","8":"first","9":"outofstock","10":"taxable","11":"shipping-taxable","12":"purchasable","13":"product-type-simple"},"_links":{"self":[{"href":"https:\/\/shop.vallin.lv\/lt\/wp-json\/wp\/v2\/product\/21233","targetHints":{"allow":["GET"]}}],"collection":[{"href":"https:\/\/shop.vallin.lv\/lt\/wp-json\/wp\/v2\/product"}],"about":[{"href":"https:\/\/shop.vallin.lv\/lt\/wp-json\/wp\/v2\/types\/product"}],"version-history":[{"count":3,"href":"https:\/\/shop.vallin.lv\/lt\/wp-json\/wp\/v2\/product\/21233\/revisions"}],"predecessor-version":[{"id":65616,"href":"https:\/\/shop.vallin.lv\/lt\/wp-json\/wp\/v2\/product\/21233\/revisions\/65616"}],"wp:featuredmedia":[{"embeddable":true,"href":"https:\/\/shop.vallin.lv\/lt\/wp-json\/wp\/v2\/product\/21233"}],"wp:attachment":[{"href":"https:\/\/shop.vallin.lv\/lt\/wp-json\/wp\/v2\/media?parent=21233"}],"wp:term":[{"taxonomy":"product_brand","embeddable":true,"href":"https:\/\/shop.vallin.lv\/lt\/wp-json\/wp\/v2\/product_brand?post=21233"},{"taxonomy":"product_cat","embeddable":true,"href":"https:\/\/shop.vallin.lv\/lt\/wp-json\/wp\/v2\/product_cat?post=21233"},{"taxonomy":"product_tag","embeddable":true,"href":"https:\/\/shop.vallin.lv\/lt\/wp-json\/wp\/v2\/product_tag?post=21233"}],"curies":[{"name":"wp","href":"https:\/\/api.w.org\/{rel}","templated":true}]}}