{"id":19915,"date":"2025-12-10T17:03:01","date_gmt":"2025-12-10T15:03:01","guid":{"rendered":"https:\/\/shop.vallin.lv\/product\/fitting-hgl21-45m-pg16-bk-10p\/"},"modified":"2026-03-12T13:54:48","modified_gmt":"2026-03-12T11:54:48","slug":"fitting-hgl21-45m-pg16-bk-10p","status":"publish","type":"product","link":"https:\/\/shop.vallin.lv\/lt\/produktas\/fitting-hgl21-45m-pg16-bk-10p\/","title":{"rendered":"Fitting HGL21-45M-PG16 BK 10gab."},"content":{"rendered":"<p><a href=\"https:\/\/www.hellermanntyton.se\/166-24309\" target=\"_blank\">Daugiau informacijos<\/a><\/p>\n<p>Duomen\u0173 lapas:<br \/>\n<a href=\"https:\/\/www.hellermanntyton.se\/166-24309\" target=\"_blank\">Per\u017ei\u016br\u0117ti<\/a><\/p>","protected":false},"excerpt":{"rendered":"<p>More information Data Sheet: View<\/p>","protected":false},"featured_media":19915,"template":"","meta":[],"product_brand":[],"product_cat":[776],"product_tag":[],"class_list":{"0":"post-19915","1":"product","2":"type-product","3":"status-publish","4":"has-post-thumbnail","6":"product_cat-cable-connectors","8":"first","9":"outofstock","10":"taxable","11":"shipping-taxable","12":"purchasable","13":"product-type-simple"},"_links":{"self":[{"href":"https:\/\/shop.vallin.lv\/lt\/wp-json\/wp\/v2\/product\/19915","targetHints":{"allow":["GET"]}}],"collection":[{"href":"https:\/\/shop.vallin.lv\/lt\/wp-json\/wp\/v2\/product"}],"about":[{"href":"https:\/\/shop.vallin.lv\/lt\/wp-json\/wp\/v2\/types\/product"}],"version-history":[{"count":4,"href":"https:\/\/shop.vallin.lv\/lt\/wp-json\/wp\/v2\/product\/19915\/revisions"}],"predecessor-version":[{"id":69829,"href":"https:\/\/shop.vallin.lv\/lt\/wp-json\/wp\/v2\/product\/19915\/revisions\/69829"}],"wp:featuredmedia":[{"embeddable":true,"href":"https:\/\/shop.vallin.lv\/lt\/wp-json\/wp\/v2\/product\/19915"}],"wp:attachment":[{"href":"https:\/\/shop.vallin.lv\/lt\/wp-json\/wp\/v2\/media?parent=19915"}],"wp:term":[{"taxonomy":"product_brand","embeddable":true,"href":"https:\/\/shop.vallin.lv\/lt\/wp-json\/wp\/v2\/product_brand?post=19915"},{"taxonomy":"product_cat","embeddable":true,"href":"https:\/\/shop.vallin.lv\/lt\/wp-json\/wp\/v2\/product_cat?post=19915"},{"taxonomy":"product_tag","embeddable":true,"href":"https:\/\/shop.vallin.lv\/lt\/wp-json\/wp\/v2\/product_tag?post=19915"}],"curies":[{"name":"wp","href":"https:\/\/api.w.org\/{rel}","templated":true}]}}