{"id":19762,"date":"2025-12-10T17:01:57","date_gmt":"2025-12-10T15:01:57","guid":{"rendered":"https:\/\/shop.vallin.lv\/product\/fitting-hg54-90-pg48-bk-2p\/"},"modified":"2026-03-12T13:53:25","modified_gmt":"2026-03-12T11:53:25","slug":"fitting-hg54-90-pg48-bk-2p","status":"publish","type":"product","link":"https:\/\/shop.vallin.lv\/lt\/produktas\/fitting-hg54-90-pg48-bk-2p\/","title":{"rendered":"Jungtis HG54-90-PG48 BK 2p"},"content":{"rendered":"<p><a href=\"https:\/\/www.hellermanntyton.se\/166-22218\" target=\"_blank\">Daugiau informacijos<\/a><\/p>\n<p>Duomen\u0173 lapas:<br \/>\n<a href=\"https:\/\/www.hellermanntyton.se\/166-22218\" target=\"_blank\">Per\u017ei\u016br\u0117ti<\/a><\/p>","protected":false},"excerpt":{"rendered":"<p>More information Data Sheet: View<\/p>","protected":false},"featured_media":19762,"template":"","meta":[],"product_brand":[],"product_cat":[776],"product_tag":[],"class_list":{"0":"post-19762","1":"product","2":"type-product","3":"status-publish","4":"has-post-thumbnail","6":"product_cat-cable-connectors","8":"first","9":"outofstock","10":"taxable","11":"shipping-taxable","12":"purchasable","13":"product-type-simple"},"_links":{"self":[{"href":"https:\/\/shop.vallin.lv\/lt\/wp-json\/wp\/v2\/product\/19762","targetHints":{"allow":["GET"]}}],"collection":[{"href":"https:\/\/shop.vallin.lv\/lt\/wp-json\/wp\/v2\/product"}],"about":[{"href":"https:\/\/shop.vallin.lv\/lt\/wp-json\/wp\/v2\/types\/product"}],"version-history":[{"count":3,"href":"https:\/\/shop.vallin.lv\/lt\/wp-json\/wp\/v2\/product\/19762\/revisions"}],"predecessor-version":[{"id":64145,"href":"https:\/\/shop.vallin.lv\/lt\/wp-json\/wp\/v2\/product\/19762\/revisions\/64145"}],"wp:featuredmedia":[{"embeddable":true,"href":"https:\/\/shop.vallin.lv\/lt\/wp-json\/wp\/v2\/product\/19762"}],"wp:attachment":[{"href":"https:\/\/shop.vallin.lv\/lt\/wp-json\/wp\/v2\/media?parent=19762"}],"wp:term":[{"taxonomy":"product_brand","embeddable":true,"href":"https:\/\/shop.vallin.lv\/lt\/wp-json\/wp\/v2\/product_brand?post=19762"},{"taxonomy":"product_cat","embeddable":true,"href":"https:\/\/shop.vallin.lv\/lt\/wp-json\/wp\/v2\/product_cat?post=19762"},{"taxonomy":"product_tag","embeddable":true,"href":"https:\/\/shop.vallin.lv\/lt\/wp-json\/wp\/v2\/product_tag?post=19762"}],"curies":[{"name":"wp","href":"https:\/\/api.w.org\/{rel}","templated":true}]}}