{"id":19624,"date":"2025-12-10T17:00:42","date_gmt":"2025-12-10T15:00:42","guid":{"rendered":"https:\/\/shop.vallin.lv\/product\/fitting-hg13-s-m16-bk-10p\/"},"modified":"2026-03-12T13:52:19","modified_gmt":"2026-03-12T11:52:19","slug":"fitting-hg13-s-m16-bk-10p","status":"publish","type":"product","link":"https:\/\/shop.vallin.lv\/lt\/produktas\/fitting-hg13-s-m16-bk-10p\/","title":{"rendered":"Jungtis HG13-S-M16 BK 10p"},"content":{"rendered":"<p><a href=\"https:\/\/www.hellermanntyton.se\/166-21001\" target=\"_blank\">Daugiau informacijos<\/a><\/p>\n<p>Duomen\u0173 lapas:<br \/>\n<a href=\"https:\/\/www.hellermanntyton.se\/166-21001\" target=\"_blank\">Per\u017ei\u016br\u0117ti<\/a><\/p>","protected":false},"excerpt":{"rendered":"<p>More information Data Sheet: View<\/p>","protected":false},"featured_media":19624,"template":"","meta":[],"product_brand":[],"product_cat":[776],"product_tag":[],"class_list":{"0":"post-19624","1":"product","2":"type-product","3":"status-publish","4":"has-post-thumbnail","6":"product_cat-cable-connectors","8":"first","9":"outofstock","10":"taxable","11":"shipping-taxable","12":"purchasable","13":"product-type-simple"},"_links":{"self":[{"href":"https:\/\/shop.vallin.lv\/lt\/wp-json\/wp\/v2\/product\/19624","targetHints":{"allow":["GET"]}}],"collection":[{"href":"https:\/\/shop.vallin.lv\/lt\/wp-json\/wp\/v2\/product"}],"about":[{"href":"https:\/\/shop.vallin.lv\/lt\/wp-json\/wp\/v2\/types\/product"}],"version-history":[{"count":4,"href":"https:\/\/shop.vallin.lv\/lt\/wp-json\/wp\/v2\/product\/19624\/revisions"}],"predecessor-version":[{"id":69600,"href":"https:\/\/shop.vallin.lv\/lt\/wp-json\/wp\/v2\/product\/19624\/revisions\/69600"}],"wp:featuredmedia":[{"embeddable":true,"href":"https:\/\/shop.vallin.lv\/lt\/wp-json\/wp\/v2\/product\/19624"}],"wp:attachment":[{"href":"https:\/\/shop.vallin.lv\/lt\/wp-json\/wp\/v2\/media?parent=19624"}],"wp:term":[{"taxonomy":"product_brand","embeddable":true,"href":"https:\/\/shop.vallin.lv\/lt\/wp-json\/wp\/v2\/product_brand?post=19624"},{"taxonomy":"product_cat","embeddable":true,"href":"https:\/\/shop.vallin.lv\/lt\/wp-json\/wp\/v2\/product_cat?post=19624"},{"taxonomy":"product_tag","embeddable":true,"href":"https:\/\/shop.vallin.lv\/lt\/wp-json\/wp\/v2\/product_tag?post=19624"}],"curies":[{"name":"wp","href":"https:\/\/api.w.org\/{rel}","templated":true}]}}