{"id":19527,"date":"2025-12-10T16:59:54","date_gmt":"2025-12-10T14:59:54","guid":{"rendered":"https:\/\/shop.vallin.lv\/product\/spiral-binding-sps50-wh-2m\/"},"modified":"2026-01-22T13:56:05","modified_gmt":"2026-01-22T11:56:05","slug":"spiral-binding-sps50-wh-2m","status":"publish","type":"product","link":"https:\/\/shop.vallin.lv\/lt\/produktas\/spiral-binding-sps50-wh-2m\/","title":{"rendered":"Spiralin\u0117 kabeli\u0173 apsauga SPS50 WH 2m"},"content":{"rendered":"<p><a href=\"https:\/\/www.hellermanntyton.se\/162-10501\" target=\"_blank\" rel=\"noopener\">Daugiau informacijos<\/a><\/p>\n<p>Duomen\u0173 lapas:<br \/>\n<a href=\"https:\/\/www.hellermanntyton.se\/162-10501\" target=\"_blank\" rel=\"noopener\">Per\u017ei\u016br\u0117ti<\/a><\/p>","protected":false},"excerpt":{"rendered":"<p>More information Data Sheet: View<\/p>","protected":false},"featured_media":0,"template":"","meta":[],"product_brand":[],"product_cat":[777],"product_tag":[],"class_list":{"0":"post-19527","1":"product","2":"type-product","3":"status-publish","5":"product_cat-cable-protection-products","7":"first","8":"outofstock","9":"taxable","10":"shipping-taxable","11":"purchasable","12":"product-type-simple"},"_links":{"self":[{"href":"https:\/\/shop.vallin.lv\/lt\/wp-json\/wp\/v2\/product\/19527","targetHints":{"allow":["GET"]}}],"collection":[{"href":"https:\/\/shop.vallin.lv\/lt\/wp-json\/wp\/v2\/product"}],"about":[{"href":"https:\/\/shop.vallin.lv\/lt\/wp-json\/wp\/v2\/types\/product"}],"version-history":[{"count":3,"href":"https:\/\/shop.vallin.lv\/lt\/wp-json\/wp\/v2\/product\/19527\/revisions"}],"predecessor-version":[{"id":63910,"href":"https:\/\/shop.vallin.lv\/lt\/wp-json\/wp\/v2\/product\/19527\/revisions\/63910"}],"wp:attachment":[{"href":"https:\/\/shop.vallin.lv\/lt\/wp-json\/wp\/v2\/media?parent=19527"}],"wp:term":[{"taxonomy":"product_brand","embeddable":true,"href":"https:\/\/shop.vallin.lv\/lt\/wp-json\/wp\/v2\/product_brand?post=19527"},{"taxonomy":"product_cat","embeddable":true,"href":"https:\/\/shop.vallin.lv\/lt\/wp-json\/wp\/v2\/product_cat?post=19527"},{"taxonomy":"product_tag","embeddable":true,"href":"https:\/\/shop.vallin.lv\/lt\/wp-json\/wp\/v2\/product_tag?post=19527"}],"curies":[{"name":"wp","href":"https:\/\/api.w.org\/{rel}","templated":true}]}}