{"id":19392,"date":"2025-12-10T16:59:01","date_gmt":"2025-12-10T14:59:01","guid":{"rendered":"https:\/\/shop.vallin.lv\/product\/tie-f-t18rec21-hirhs-bk-5000p\/"},"modified":"2026-04-20T15:01:03","modified_gmt":"2026-04-20T13:01:03","slug":"tie-f-t18rec21-hirhs-bk-5000p","status":"publish","type":"product","link":"https:\/\/shop.vallin.lv\/lt\/produktas\/tie-f-t18rec21-hirhs-bk-5000p\/","title":{"rendered":"Dir\u017eelis\/F T18REC21 HIRHS BK 5000p"},"content":{"rendered":"<p><a href=\"https:\/\/www.hellermanntyton.se\/156-01231\" target=\"_blank\" rel=\"noopener\">Daugiau informacijos<\/a><\/p>\n<p>Duomen\u0173 lapas:<br \/>\n<a href=\"https:\/\/www.hellermanntyton.se\/156-01231\" target=\"_blank\" rel=\"noopener\">Per\u017ei\u016br\u0117ti<\/a><\/p>","protected":false},"excerpt":{"rendered":"<p>More information Data Sheet: View<\/p>","protected":false},"featured_media":19392,"template":"","meta":[],"product_brand":[],"product_cat":[780],"product_tag":[],"class_list":{"0":"post-19392","1":"product","2":"type-product","3":"status-publish","4":"has-post-thumbnail","6":"product_cat-cable-ties","8":"first","9":"instock","10":"taxable","11":"shipping-taxable","12":"purchasable","13":"product-type-simple"},"_links":{"self":[{"href":"https:\/\/shop.vallin.lv\/lt\/wp-json\/wp\/v2\/product\/19392","targetHints":{"allow":["GET"]}}],"collection":[{"href":"https:\/\/shop.vallin.lv\/lt\/wp-json\/wp\/v2\/product"}],"about":[{"href":"https:\/\/shop.vallin.lv\/lt\/wp-json\/wp\/v2\/types\/product"}],"version-history":[{"count":3,"href":"https:\/\/shop.vallin.lv\/lt\/wp-json\/wp\/v2\/product\/19392\/revisions"}],"predecessor-version":[{"id":63775,"href":"https:\/\/shop.vallin.lv\/lt\/wp-json\/wp\/v2\/product\/19392\/revisions\/63775"}],"wp:featuredmedia":[{"embeddable":true,"href":"https:\/\/shop.vallin.lv\/lt\/wp-json\/wp\/v2\/product\/19392"}],"wp:attachment":[{"href":"https:\/\/shop.vallin.lv\/lt\/wp-json\/wp\/v2\/media?parent=19392"}],"wp:term":[{"taxonomy":"product_brand","embeddable":true,"href":"https:\/\/shop.vallin.lv\/lt\/wp-json\/wp\/v2\/product_brand?post=19392"},{"taxonomy":"product_cat","embeddable":true,"href":"https:\/\/shop.vallin.lv\/lt\/wp-json\/wp\/v2\/product_cat?post=19392"},{"taxonomy":"product_tag","embeddable":true,"href":"https:\/\/shop.vallin.lv\/lt\/wp-json\/wp\/v2\/product_tag?post=19392"}],"curies":[{"name":"wp","href":"https:\/\/api.w.org\/{rel}","templated":true}]}}