{"id":18940,"date":"2025-12-10T16:55:36","date_gmt":"2025-12-10T14:55:36","guid":{"rendered":"https:\/\/shop.vallin.lv\/product\/ty-its-ub250c-bk-250x46-100p\/"},"modified":"2026-03-12T12:02:26","modified_gmt":"2026-03-12T10:02:26","slug":"ty-its-ub250c-bk-250x46-100p","status":"publish","type":"product","link":"https:\/\/shop.vallin.lv\/lt\/produktas\/ty-its-ub250c-bk-250x46-100p\/","title":{"rendered":"Ty-Its UB250C BK 250x4,6 100p"},"content":{"rendered":"<p><a href=\"https:\/\/www.hellermanntyton.se\/138-00006\" target=\"_blank\" rel=\"noopener\">Daugiau informacijos<\/a><\/p>\n<p>Duomen\u0173 lapas:<br \/>\n<a href=\"https:\/\/www.hellermanntyton.se\/138-00006\" target=\"_blank\" rel=\"noopener\">Per\u017ei\u016br\u0117ti<\/a><\/p>","protected":false},"excerpt":{"rendered":"<p>More information Data Sheet: View<\/p>","protected":false},"featured_media":0,"template":"","meta":[],"product_brand":[],"product_cat":[780],"product_tag":[],"class_list":{"0":"post-18940","1":"product","2":"type-product","3":"status-publish","5":"product_cat-cable-ties","7":"first","8":"outofstock","9":"taxable","10":"shipping-taxable","11":"purchasable","12":"product-type-simple"},"_links":{"self":[{"href":"https:\/\/shop.vallin.lv\/lt\/wp-json\/wp\/v2\/product\/18940","targetHints":{"allow":["GET"]}}],"collection":[{"href":"https:\/\/shop.vallin.lv\/lt\/wp-json\/wp\/v2\/product"}],"about":[{"href":"https:\/\/shop.vallin.lv\/lt\/wp-json\/wp\/v2\/types\/product"}],"version-history":[{"count":4,"href":"https:\/\/shop.vallin.lv\/lt\/wp-json\/wp\/v2\/product\/18940\/revisions"}],"predecessor-version":[{"id":69180,"href":"https:\/\/shop.vallin.lv\/lt\/wp-json\/wp\/v2\/product\/18940\/revisions\/69180"}],"wp:attachment":[{"href":"https:\/\/shop.vallin.lv\/lt\/wp-json\/wp\/v2\/media?parent=18940"}],"wp:term":[{"taxonomy":"product_brand","embeddable":true,"href":"https:\/\/shop.vallin.lv\/lt\/wp-json\/wp\/v2\/product_brand?post=18940"},{"taxonomy":"product_cat","embeddable":true,"href":"https:\/\/shop.vallin.lv\/lt\/wp-json\/wp\/v2\/product_cat?post=18940"},{"taxonomy":"product_tag","embeddable":true,"href":"https:\/\/shop.vallin.lv\/lt\/wp-json\/wp\/v2\/product_tag?post=18940"}],"curies":[{"name":"wp","href":"https:\/\/api.w.org\/{rel}","templated":true}]}}