{"id":18508,"date":"2025-12-10T16:52:24","date_gmt":"2025-12-10T14:52:24","guid":{"rendered":"https:\/\/shop.vallin.lv\/product\/tie-mbt43uhdfc-1092x16-25p\/"},"modified":"2026-03-12T13:43:30","modified_gmt":"2026-03-12T11:43:30","slug":"tie-mbt43uhdfc-1092x16-25p","status":"publish","type":"product","link":"https:\/\/shop.vallin.lv\/lt\/produktas\/tie-mbt43uhdfc-1092x16-25p\/","title":{"rendered":"Dir\u017eelis MBT43UHDFC 1092x16 25p"},"content":{"rendered":"<p><a href=\"https:\/\/www.hellermanntyton.se\/111-01523\" target=\"_blank\" rel=\"noopener\">Daugiau informacijos<\/a><\/p>\n<p>Duomen\u0173 lapas:<br \/>\n<a href=\"https:\/\/www.hellermanntyton.se\/111-01523\" target=\"_blank\" rel=\"noopener\">Per\u017ei\u016br\u0117ti<\/a><\/p>","protected":false},"excerpt":{"rendered":"<p>More information Data Sheet: View<\/p>","protected":false},"featured_media":18508,"template":"","meta":[],"product_brand":[],"product_cat":[780],"product_tag":[],"class_list":{"0":"post-18508","1":"product","2":"type-product","3":"status-publish","4":"has-post-thumbnail","6":"product_cat-cable-ties","8":"first","9":"outofstock","10":"taxable","11":"shipping-taxable","12":"purchasable","13":"product-type-simple"},"_links":{"self":[{"href":"https:\/\/shop.vallin.lv\/lt\/wp-json\/wp\/v2\/product\/18508","targetHints":{"allow":["GET"]}}],"collection":[{"href":"https:\/\/shop.vallin.lv\/lt\/wp-json\/wp\/v2\/product"}],"about":[{"href":"https:\/\/shop.vallin.lv\/lt\/wp-json\/wp\/v2\/types\/product"}],"version-history":[{"count":4,"href":"https:\/\/shop.vallin.lv\/lt\/wp-json\/wp\/v2\/product\/18508\/revisions"}],"predecessor-version":[{"id":68786,"href":"https:\/\/shop.vallin.lv\/lt\/wp-json\/wp\/v2\/product\/18508\/revisions\/68786"}],"wp:featuredmedia":[{"embeddable":true,"href":"https:\/\/shop.vallin.lv\/lt\/wp-json\/wp\/v2\/product\/18508"}],"wp:attachment":[{"href":"https:\/\/shop.vallin.lv\/lt\/wp-json\/wp\/v2\/media?parent=18508"}],"wp:term":[{"taxonomy":"product_brand","embeddable":true,"href":"https:\/\/shop.vallin.lv\/lt\/wp-json\/wp\/v2\/product_brand?post=18508"},{"taxonomy":"product_cat","embeddable":true,"href":"https:\/\/shop.vallin.lv\/lt\/wp-json\/wp\/v2\/product_cat?post=18508"},{"taxonomy":"product_tag","embeddable":true,"href":"https:\/\/shop.vallin.lv\/lt\/wp-json\/wp\/v2\/product_tag?post=18508"}],"curies":[{"name":"wp","href":"https:\/\/api.w.org\/{rel}","templated":true}]}}