{"id":18387,"date":"2025-12-10T16:51:25","date_gmt":"2025-12-10T14:51:25","guid":{"rendered":"https:\/\/shop.vallin.lv\/product\/tie-x80l-385x46-bk-100p\/"},"modified":"2026-03-12T13:42:21","modified_gmt":"2026-03-12T11:42:21","slug":"tie-x80l-385x46-bk-100p","status":"publish","type":"product","link":"https:\/\/shop.vallin.lv\/lt\/produktas\/tie-x80l-385x46-bk-100p\/","title":{"rendered":"Dir\u017eelis X80L 385X4,6 BK 100p"},"content":{"rendered":"<p><a href=\"https:\/\/www.hellermanntyton.se\/108-00028\" target=\"_blank\" rel=\"noopener\">Daugiau informacijos<\/a><\/p>\n<p>Duomen\u0173 lapas:<br \/>\n<a href=\"https:\/\/www.hellermanntyton.se\/108-00028\" target=\"_blank\" rel=\"noopener\">Per\u017ei\u016br\u0117ti<\/a><\/p>","protected":false},"excerpt":{"rendered":"<p>More information Data Sheet: View<\/p>","protected":false},"featured_media":18387,"template":"","meta":[],"product_brand":[],"product_cat":[780],"product_tag":[],"class_list":{"0":"post-18387","1":"product","2":"type-product","3":"status-publish","4":"has-post-thumbnail","6":"product_cat-cable-ties","8":"first","9":"outofstock","10":"taxable","11":"shipping-taxable","12":"purchasable","13":"product-type-simple"},"_links":{"self":[{"href":"https:\/\/shop.vallin.lv\/lt\/wp-json\/wp\/v2\/product\/18387","targetHints":{"allow":["GET"]}}],"collection":[{"href":"https:\/\/shop.vallin.lv\/lt\/wp-json\/wp\/v2\/product"}],"about":[{"href":"https:\/\/shop.vallin.lv\/lt\/wp-json\/wp\/v2\/types\/product"}],"version-history":[{"count":4,"href":"https:\/\/shop.vallin.lv\/lt\/wp-json\/wp\/v2\/product\/18387\/revisions"}],"predecessor-version":[{"id":68687,"href":"https:\/\/shop.vallin.lv\/lt\/wp-json\/wp\/v2\/product\/18387\/revisions\/68687"}],"wp:featuredmedia":[{"embeddable":true,"href":"https:\/\/shop.vallin.lv\/lt\/wp-json\/wp\/v2\/product\/18387"}],"wp:attachment":[{"href":"https:\/\/shop.vallin.lv\/lt\/wp-json\/wp\/v2\/media?parent=18387"}],"wp:term":[{"taxonomy":"product_brand","embeddable":true,"href":"https:\/\/shop.vallin.lv\/lt\/wp-json\/wp\/v2\/product_brand?post=18387"},{"taxonomy":"product_cat","embeddable":true,"href":"https:\/\/shop.vallin.lv\/lt\/wp-json\/wp\/v2\/product_cat?post=18387"},{"taxonomy":"product_tag","embeddable":true,"href":"https:\/\/shop.vallin.lv\/lt\/wp-json\/wp\/v2\/product_tag?post=18387"}],"curies":[{"name":"wp","href":"https:\/\/api.w.org\/{rel}","templated":true}]}}