{"id":18368,"date":"2025-12-10T16:51:16","date_gmt":"2025-12-10T14:51:16","guid":{"rendered":"https:\/\/shop.vallin.lv\/product\/lower-jaw-50-complete\/"},"modified":"2026-01-22T13:49:09","modified_gmt":"2026-01-22T11:49:09","slug":"lower-jaw-50-complete","status":"publish","type":"product","link":"https:\/\/shop.vallin.lv\/lt\/produktas\/lower-jaw-50-complete\/","title":{"rendered":"Apatin\u0117 ATS ri\u0161imo galvut\u0117s dalis, 50 mm (komplektas)"},"content":{"rendered":"<p><a href=\"https:\/\/www.hellermanntyton.se\/102-50200\" target=\"_blank\" rel=\"noopener\">Daugiau informacijos<\/a><\/p>\n<p>Duomen\u0173 lapas:<br \/>\n<a href=\"https:\/\/www.hellermanntyton.se\/102-50200\" target=\"_blank\" rel=\"noopener\">Per\u017ei\u016br\u0117ti<\/a><\/p>","protected":false},"excerpt":{"rendered":"<p>More information Data Sheet: View<\/p>","protected":false},"featured_media":0,"template":"","meta":[],"product_brand":[],"product_cat":[775],"product_tag":[],"class_list":{"0":"post-18368","1":"product","2":"type-product","3":"status-publish","5":"product_cat-tools-and-equipment","7":"first","8":"outofstock","9":"taxable","10":"shipping-taxable","11":"purchasable","12":"product-type-simple"},"_links":{"self":[{"href":"https:\/\/shop.vallin.lv\/lt\/wp-json\/wp\/v2\/product\/18368","targetHints":{"allow":["GET"]}}],"collection":[{"href":"https:\/\/shop.vallin.lv\/lt\/wp-json\/wp\/v2\/product"}],"about":[{"href":"https:\/\/shop.vallin.lv\/lt\/wp-json\/wp\/v2\/types\/product"}],"version-history":[{"count":3,"href":"https:\/\/shop.vallin.lv\/lt\/wp-json\/wp\/v2\/product\/18368\/revisions"}],"predecessor-version":[{"id":62751,"href":"https:\/\/shop.vallin.lv\/lt\/wp-json\/wp\/v2\/product\/18368\/revisions\/62751"}],"wp:attachment":[{"href":"https:\/\/shop.vallin.lv\/lt\/wp-json\/wp\/v2\/media?parent=18368"}],"wp:term":[{"taxonomy":"product_brand","embeddable":true,"href":"https:\/\/shop.vallin.lv\/lt\/wp-json\/wp\/v2\/product_brand?post=18368"},{"taxonomy":"product_cat","embeddable":true,"href":"https:\/\/shop.vallin.lv\/lt\/wp-json\/wp\/v2\/product_cat?post=18368"},{"taxonomy":"product_tag","embeddable":true,"href":"https:\/\/shop.vallin.lv\/lt\/wp-json\/wp\/v2\/product_tag?post=18368"}],"curies":[{"name":"wp","href":"https:\/\/api.w.org\/{rel}","templated":true}]}}