{"id":17350,"date":"2025-12-02T16:36:24","date_gmt":"2025-12-02T14:36:24","guid":{"rendered":"https:\/\/shop.vallin.lv\/product\/transition-box-400x300x120-mm\/"},"modified":"2026-04-16T13:26:09","modified_gmt":"2026-04-16T11:26:09","slug":"transition-box-400x300x120-mm","status":"publish","type":"product","link":"https:\/\/shop.vallin.lv\/lt\/produktas\/transition-box-400x300x120-mm\/","title":{"rendered":"Per\u0117jimo d\u0117\u017eut\u0117 400x300x120 mm"},"content":{"rendered":"<p>Wire-pull casings<br \/>\nKAISER wire-pull casings ensure expert cable routing through conduit networks. According to DIN 18015-1, conduit lengths of more than 15 m and with more than two bends require wire-pull casings that allow cables to be added or retrofitted at any time. WIre-pull casings provide multiple conduit entry options and maximum free space to ensure a continuous cable network, including with subsequent changes to the electrical installation.<\/p>\n<p>Quick and secure installation using pre-inserted nails<br \/>\nClean stripping where exposed concrete is required<br \/>\nHigh dimensional stability, no internal support required<br \/>\nMultiple conduit entry options<br \/>\nStackable<\/p>\n<p><a href=\"https:\/\/www.kaiser-elektro.de\/en_DE\/redirect\/article-plain\/identifier\/9917\" target=\"_blank\" rel=\"noopener\">Daugiau informacijos<\/a><\/p>\n<p>Duomen\u0173 lapas:<br \/>\n<a href=\"https:\/\/www.kaiser-elektro.de\/en_DE\/redirect\/datasheet\/identifier\/9917\" target=\"_blank\" rel=\"noopener\">Per\u017ei\u016br\u0117ti<\/a><\/p>\n<p>Sertifikatas:<br \/>\n<a href=\"https:\/\/assets.kaiser-elektro.de\/media\/19\/19007\/9917_2024.pdf\" target=\"_blank\" rel=\"noopener\">9917<\/a><\/p>","protected":false},"excerpt":{"rendered":"<p>Wire-pull casings KAISER wire-pull casings ensure expert cable routing through conduit networks. According to DIN 18015-1, conduit lengths of more<\/p>","protected":false},"featured_media":17350,"template":"","meta":[],"product_brand":[],"product_cat":[787],"product_tag":[],"class_list":{"0":"post-17350","1":"product","2":"type-product","3":"status-publish","4":"has-post-thumbnail","6":"product_cat-concrete-systems","8":"first","9":"outofstock","10":"taxable","11":"shipping-taxable","12":"purchasable","13":"product-type-simple"},"_links":{"self":[{"href":"https:\/\/shop.vallin.lv\/lt\/wp-json\/wp\/v2\/product\/17350","targetHints":{"allow":["GET"]}}],"collection":[{"href":"https:\/\/shop.vallin.lv\/lt\/wp-json\/wp\/v2\/product"}],"about":[{"href":"https:\/\/shop.vallin.lv\/lt\/wp-json\/wp\/v2\/types\/product"}],"version-history":[{"count":6,"href":"https:\/\/shop.vallin.lv\/lt\/wp-json\/wp\/v2\/product\/17350\/revisions"}],"predecessor-version":[{"id":67938,"href":"https:\/\/shop.vallin.lv\/lt\/wp-json\/wp\/v2\/product\/17350\/revisions\/67938"}],"wp:featuredmedia":[{"embeddable":true,"href":"https:\/\/shop.vallin.lv\/lt\/wp-json\/wp\/v2\/product\/17350"}],"wp:attachment":[{"href":"https:\/\/shop.vallin.lv\/lt\/wp-json\/wp\/v2\/media?parent=17350"}],"wp:term":[{"taxonomy":"product_brand","embeddable":true,"href":"https:\/\/shop.vallin.lv\/lt\/wp-json\/wp\/v2\/product_brand?post=17350"},{"taxonomy":"product_cat","embeddable":true,"href":"https:\/\/shop.vallin.lv\/lt\/wp-json\/wp\/v2\/product_cat?post=17350"},{"taxonomy":"product_tag","embeddable":true,"href":"https:\/\/shop.vallin.lv\/lt\/wp-json\/wp\/v2\/product_tag?post=17350"}],"curies":[{"name":"wp","href":"https:\/\/api.w.org\/{rel}","templated":true}]}}