{"id":17344,"date":"2025-12-02T16:36:14","date_gmt":"2025-12-02T14:36:14","guid":{"rendered":"https:\/\/shop.vallin.lv\/product\/flush-mounting-junction-box-115x115x76-mm\/"},"modified":"2026-04-16T13:24:18","modified_gmt":"2026-04-16T11:24:18","slug":"flush-mounting-junction-box-115x115x76-mm","status":"publish","type":"product","link":"https:\/\/shop.vallin.lv\/lt\/produktas\/flush-mounting-junction-box-115x115x76-mm\/","title":{"rendered":"Sklend\u0117s montavimo jungiamoji d\u0117\u017eut\u0117 115x115x76 mm"},"content":{"rendered":"<p>Junction casings<br \/>\nJunction casings in all sizes and for almost any kind of installations. This product range features practical housing sizes as well as a robust housing design which is perfect for building sites.<\/p>\n<p>As central junction casings for star-shaped cable laying.<br \/>\nEasy to rewire when changing the way rooms are used.<br \/>\nSeparator walls to separate electrical circuits.<br \/>\nEnd cover with screw attachment for VDE-compliant installation.<\/p>\n<p><a href=\"https:\/\/www.kaiser-elektro.de\/en_DE\/redirect\/article-plain\/identifier\/9909.01\" target=\"_blank\" rel=\"noopener\">Daugiau informacijos<\/a><\/p>\n<p>Duomen\u0173 lapas:<br \/>\n<a href=\"https:\/\/www.kaiser-elektro.de\/en_DE\/redirect\/datasheet\/identifier\/9909.01\" target=\"_blank\" rel=\"noopener\">Per\u017ei\u016br\u0117ti<\/a><\/p>\n<p>Sertifikatas:<br \/>\n<a href=\"https:\/\/assets.kaiser-elektro.de\/media\/18\/18986\/9909.01_2024.pdf\" target=\"_blank\" rel=\"noopener\">9909.01 Flush mounted junction box<\/a><\/p>","protected":false},"excerpt":{"rendered":"<p>Junction casings Junction casings in all sizes and for almost any kind of installations. This product range features practical housing<\/p>","protected":false},"featured_media":17344,"template":"","meta":[],"product_brand":[],"product_cat":[787],"product_tag":[],"class_list":{"0":"post-17344","1":"product","2":"type-product","3":"status-publish","4":"has-post-thumbnail","6":"product_cat-concrete-systems","8":"first","9":"outofstock","10":"taxable","11":"shipping-taxable","12":"purchasable","13":"product-type-simple"},"_links":{"self":[{"href":"https:\/\/shop.vallin.lv\/lt\/wp-json\/wp\/v2\/product\/17344","targetHints":{"allow":["GET"]}}],"collection":[{"href":"https:\/\/shop.vallin.lv\/lt\/wp-json\/wp\/v2\/product"}],"about":[{"href":"https:\/\/shop.vallin.lv\/lt\/wp-json\/wp\/v2\/types\/product"}],"version-history":[{"count":5,"href":"https:\/\/shop.vallin.lv\/lt\/wp-json\/wp\/v2\/product\/17344\/revisions"}],"predecessor-version":[{"id":67932,"href":"https:\/\/shop.vallin.lv\/lt\/wp-json\/wp\/v2\/product\/17344\/revisions\/67932"}],"wp:featuredmedia":[{"embeddable":true,"href":"https:\/\/shop.vallin.lv\/lt\/wp-json\/wp\/v2\/product\/17344"}],"wp:attachment":[{"href":"https:\/\/shop.vallin.lv\/lt\/wp-json\/wp\/v2\/media?parent=17344"}],"wp:term":[{"taxonomy":"product_brand","embeddable":true,"href":"https:\/\/shop.vallin.lv\/lt\/wp-json\/wp\/v2\/product_brand?post=17344"},{"taxonomy":"product_cat","embeddable":true,"href":"https:\/\/shop.vallin.lv\/lt\/wp-json\/wp\/v2\/product_cat?post=17344"},{"taxonomy":"product_tag","embeddable":true,"href":"https:\/\/shop.vallin.lv\/lt\/wp-json\/wp\/v2\/product_tag?post=17344"}],"curies":[{"name":"wp","href":"https:\/\/api.w.org\/{rel}","templated":true}]}}