{"id":17324,"date":"2025-12-02T16:35:37","date_gmt":"2025-12-02T14:35:37","guid":{"rendered":"https:\/\/shop.vallin.lv\/product\/cavity-wall-electronics-box-econ-flex-air-tight-with-device-screws\/"},"modified":"2026-04-16T13:24:41","modified_gmt":"2026-04-16T11:24:41","slug":"cavity-wall-electronics-box-econ-flex-air-tight-with-device-screws","status":"publish","type":"product","link":"https:\/\/shop.vallin.lv\/lt\/produktas\/cavity-wall-electronics-box-econ-flex-air-tight-with-device-screws\/","title":{"rendered":"Ertm\u0117s vienguba sienin\u0117 jungiamoji d\u0117\u017eut\u0117 ECON Flex oro nepraleid\u017eianti su prietaiso var\u017etais"},"content":{"rendered":"<p>Electronics box O-range ECON\u00ae Flex<br \/>\nAir-tight O-range ECON\u00ae Flex electronics box with ECON\u00ae technology for energy-efficient electrical installation in accordance with GEG. Fast installation is ideal for modernising or extending existing systems. The flexible tunnel makes it easy to install, and creates space for electronic components, cable reserves and terminals.<\/p>\n<p>Additional sideway terminal compartment for communications and network technology<br \/>\nElastic sealing membrane for guaranteed air-tightness<br \/>\nToolless cable and conduit entry<br \/>\nIntegrated cable retention<br \/>\nCan be combined with support connectors, air-tight and fully-insulated<\/p>\n<p><a href=\"https:\/\/www.kaiser-elektro.de\/en_DE\/redirect\/article-plain\/identifier\/9268-94\" target=\"_blank\" rel=\"noopener\">Daugiau informacijos<\/a><\/p>\n<p>Duomen\u0173 lapas:<br \/>\n<a href=\"https:\/\/www.kaiser-elektro.de\/en_DE\/redirect\/datasheet\/identifier\/9268-94\" target=\"_blank\" rel=\"noopener\">Per\u017ei\u016br\u0117ti<\/a><\/p>\n<p>Sertifikatas:<br \/>\n<a href=\"https:\/\/assets.kaiser-elektro.de\/media\/31\/310\/KAISER_Zertifikat_Blower_Door_ECON_Flex_2016_DE.pdf\" target=\"_blank\" rel=\"noopener\">Blower-door-certificate<\/a><\/p>","protected":false},"excerpt":{"rendered":"<p>Electronics box O-range ECON\u00ae Flex Air-tight O-range ECON\u00ae Flex electronics box with ECON\u00ae technology for energy-efficient electrical installation in accordance<\/p>","protected":false},"featured_media":17324,"template":"","meta":[],"product_brand":[],"product_cat":[785],"product_tag":[],"class_list":{"0":"post-17324","1":"product","2":"type-product","3":"status-publish","4":"has-post-thumbnail","6":"product_cat-boxes-for-cavity-walls","8":"first","9":"instock","10":"taxable","11":"shipping-taxable","12":"purchasable","13":"product-type-simple"},"_links":{"self":[{"href":"https:\/\/shop.vallin.lv\/lt\/wp-json\/wp\/v2\/product\/17324","targetHints":{"allow":["GET"]}}],"collection":[{"href":"https:\/\/shop.vallin.lv\/lt\/wp-json\/wp\/v2\/product"}],"about":[{"href":"https:\/\/shop.vallin.lv\/lt\/wp-json\/wp\/v2\/types\/product"}],"version-history":[{"count":5,"href":"https:\/\/shop.vallin.lv\/lt\/wp-json\/wp\/v2\/product\/17324\/revisions"}],"predecessor-version":[{"id":67913,"href":"https:\/\/shop.vallin.lv\/lt\/wp-json\/wp\/v2\/product\/17324\/revisions\/67913"}],"wp:featuredmedia":[{"embeddable":true,"href":"https:\/\/shop.vallin.lv\/lt\/wp-json\/wp\/v2\/product\/17324"}],"wp:attachment":[{"href":"https:\/\/shop.vallin.lv\/lt\/wp-json\/wp\/v2\/media?parent=17324"}],"wp:term":[{"taxonomy":"product_brand","embeddable":true,"href":"https:\/\/shop.vallin.lv\/lt\/wp-json\/wp\/v2\/product_brand?post=17324"},{"taxonomy":"product_cat","embeddable":true,"href":"https:\/\/shop.vallin.lv\/lt\/wp-json\/wp\/v2\/product_cat?post=17324"},{"taxonomy":"product_tag","embeddable":true,"href":"https:\/\/shop.vallin.lv\/lt\/wp-json\/wp\/v2\/product_tag?post=17324"}],"curies":[{"name":"wp","href":"https:\/\/api.w.org\/{rel}","templated":true}]}}