{"id":17290,"date":"2025-12-02T16:33:52","date_gmt":"2025-12-02T14:33:52","guid":{"rendered":"https:\/\/shop.vallin.lv\/product\/cable-sleeve-o-4-8-mm-alu-butyl-sealing-sleeve-for-cables\/"},"modified":"2026-04-16T13:24:08","modified_gmt":"2026-04-16T11:24:08","slug":"cable-sleeve-o-4-8-mm-alu-butyl-sealing-sleeve-for-cables","status":"publish","type":"product","link":"https:\/\/shop.vallin.lv\/lt\/produktas\/cable-sleeve-o-4-8-mm-alu-butyl-sealing-sleeve-for-cables\/","title":{"rendered":"Kabeli\u0173 mova  4-8 mm Alu-butilo sandarinimo mova kabeliams"},"content":{"rendered":"<p>Aluminium-butyl sealing sleeves<br \/>\nFor permanent, secure sealing of installation penetrations through masonry, concrete or wooden materials. The highly-elastic sleeves are fitted with non-tear aluminium butyl adhesive flanges and provide maximum adhesion. Some surfaces must be pre-treated with KAISER primer.<\/p>\n<p>Permanently moisture-proof - for use indoors and outdoors<br \/>\nWater-sealing effect with non-pressing water up to 0.02 bar<br \/>\nEspecially suitable for sealing in the cellar socle.<br \/>\nLarge contact area to cables and conduits<br \/>\nAnti-kink sleeve also permanently seals very kinked cables<br \/>\nCompletely toolless wall installation<br \/>\nExtremely good adhesion<\/p>\n<p><a href=\"https:\/\/www.kaiser-elektro.de\/en_DE\/redirect\/article-plain\/identifier\/9079-44\" target=\"_blank\" rel=\"noopener\">Daugiau informacijos<\/a><\/p>\n<p>Duomen\u0173 lapas:<br \/>\n<a href=\"https:\/\/www.kaiser-elektro.de\/en_DE\/redirect\/datasheet\/identifier\/9079-44\" target=\"_blank\" rel=\"noopener\">Per\u017ei\u016br\u0117ti<\/a><\/p>","protected":false},"excerpt":{"rendered":"<p>Aluminium-butyl sealing sleeves For permanent, secure sealing of installation penetrations through masonry, concrete or wooden materials. The highly-elastic sleeves are<\/p>","protected":false},"featured_media":17290,"template":"","meta":[],"product_brand":[],"product_cat":[788],"product_tag":[],"class_list":{"0":"post-17290","1":"product","2":"type-product","3":"status-publish","4":"has-post-thumbnail","6":"product_cat-accessories-installation-boxes-and-systems","8":"first","9":"outofstock","10":"taxable","11":"shipping-taxable","12":"purchasable","13":"product-type-simple"},"_links":{"self":[{"href":"https:\/\/shop.vallin.lv\/lt\/wp-json\/wp\/v2\/product\/17290","targetHints":{"allow":["GET"]}}],"collection":[{"href":"https:\/\/shop.vallin.lv\/lt\/wp-json\/wp\/v2\/product"}],"about":[{"href":"https:\/\/shop.vallin.lv\/lt\/wp-json\/wp\/v2\/types\/product"}],"version-history":[{"count":5,"href":"https:\/\/shop.vallin.lv\/lt\/wp-json\/wp\/v2\/product\/17290\/revisions"}],"predecessor-version":[{"id":67879,"href":"https:\/\/shop.vallin.lv\/lt\/wp-json\/wp\/v2\/product\/17290\/revisions\/67879"}],"wp:featuredmedia":[{"embeddable":true,"href":"https:\/\/shop.vallin.lv\/lt\/wp-json\/wp\/v2\/product\/17290"}],"wp:attachment":[{"href":"https:\/\/shop.vallin.lv\/lt\/wp-json\/wp\/v2\/media?parent=17290"}],"wp:term":[{"taxonomy":"product_brand","embeddable":true,"href":"https:\/\/shop.vallin.lv\/lt\/wp-json\/wp\/v2\/product_brand?post=17290"},{"taxonomy":"product_cat","embeddable":true,"href":"https:\/\/shop.vallin.lv\/lt\/wp-json\/wp\/v2\/product_cat?post=17290"},{"taxonomy":"product_tag","embeddable":true,"href":"https:\/\/shop.vallin.lv\/lt\/wp-json\/wp\/v2\/product_tag?post=17290"}],"curies":[{"name":"wp","href":"https:\/\/api.w.org\/{rel}","templated":true}]}}