{"id":17279,"date":"2025-12-02T16:33:21","date_gmt":"2025-12-02T14:33:21","guid":{"rendered":"https:\/\/shop.vallin.lv\/product\/cavity-wall-one-gang-box-o-range-with-device-screws-depth-48-mm\/"},"modified":"2026-05-07T15:55:37","modified_gmt":"2026-05-07T13:55:37","slug":"cavity-wall-one-gang-box-o-range-with-device-screws-depth-48-mm","status":"publish","type":"product","link":"https:\/\/shop.vallin.lv\/lt\/produktas\/cavity-wall-one-gang-box-o-range-with-device-screws-depth-48-mm\/","title":{"rendered":"Viengubos ertm\u0117s sienin\u0117 jungiamoji d\u0117\u017eut\u0117 su \u012frenginio var\u017etais, gylis 48 mm"},"content":{"rendered":"<p>Cavity wall installation boxes<br \/>\nThe new KAISER cavity wall installation boxes with proven mounting lug technology and improved product features. A practical design and a large selection of cable and conduit entries allow a large number of applications. Additional boxes for installation in thinly boarded walls or solid wood walls complete the wide range. VDE certification documents the high level of quality.<\/p>\n<p>Screws ensure permanent fixing<br \/>\nEntries can be broken out for cables and conduits<br \/>\nCombinable and through-wiring by using support connectors<br \/>\nFixing of devices by means of pre-mounted device screws<\/p>\n<p><a href=\"https:\/\/www.kaiser-elektro.de\/en_DE\/redirect\/article-plain\/identifier\/9063-02\" target=\"_blank\" rel=\"noopener\">Daugiau informacijos<\/a><\/p>\n<p>Duomen\u0173 lapas:<br \/>\n<a href=\"https:\/\/www.kaiser-elektro.de\/en_DE\/redirect\/datasheet\/identifier\/9063-02\" target=\"_blank\" rel=\"noopener\">Per\u017ei\u016br\u0117ti<\/a><\/p>","protected":false},"excerpt":{"rendered":"<p>Cavity wall installation boxes The new KAISER cavity wall installation boxes with proven mounting lug technology and improved product features.<\/p>","protected":false},"featured_media":17279,"template":"","meta":[],"product_brand":[],"product_cat":[785],"product_tag":[],"class_list":{"0":"post-17279","1":"product","2":"type-product","3":"status-publish","4":"has-post-thumbnail","6":"product_cat-boxes-for-cavity-walls","8":"first","9":"instock","10":"taxable","11":"shipping-taxable","12":"purchasable","13":"product-type-simple"},"_links":{"self":[{"href":"https:\/\/shop.vallin.lv\/lt\/wp-json\/wp\/v2\/product\/17279","targetHints":{"allow":["GET"]}}],"collection":[{"href":"https:\/\/shop.vallin.lv\/lt\/wp-json\/wp\/v2\/product"}],"about":[{"href":"https:\/\/shop.vallin.lv\/lt\/wp-json\/wp\/v2\/types\/product"}],"version-history":[{"count":5,"href":"https:\/\/shop.vallin.lv\/lt\/wp-json\/wp\/v2\/product\/17279\/revisions"}],"predecessor-version":[{"id":67868,"href":"https:\/\/shop.vallin.lv\/lt\/wp-json\/wp\/v2\/product\/17279\/revisions\/67868"}],"wp:featuredmedia":[{"embeddable":true,"href":"https:\/\/shop.vallin.lv\/lt\/wp-json\/wp\/v2\/product\/17279"}],"wp:attachment":[{"href":"https:\/\/shop.vallin.lv\/lt\/wp-json\/wp\/v2\/media?parent=17279"}],"wp:term":[{"taxonomy":"product_brand","embeddable":true,"href":"https:\/\/shop.vallin.lv\/lt\/wp-json\/wp\/v2\/product_brand?post=17279"},{"taxonomy":"product_cat","embeddable":true,"href":"https:\/\/shop.vallin.lv\/lt\/wp-json\/wp\/v2\/product_cat?post=17279"},{"taxonomy":"product_tag","embeddable":true,"href":"https:\/\/shop.vallin.lv\/lt\/wp-json\/wp\/v2\/product_tag?post=17279"}],"curies":[{"name":"wp","href":"https:\/\/api.w.org\/{rel}","templated":true}]}}