{"id":17271,"date":"2025-12-02T16:33:04","date_gmt":"2025-12-02T14:33:04","guid":{"rendered":"https:\/\/shop.vallin.lv\/product\/air-tight-sleeve-o-50-75-mm-air-tight-sleeve-for-conduits\/"},"modified":"2026-04-16T13:25:00","modified_gmt":"2026-04-16T11:25:00","slug":"air-tight-sleeve-o-50-75-mm-air-tight-sleeve-for-conduits","status":"publish","type":"product","link":"https:\/\/shop.vallin.lv\/lt\/produktas\/air-tight-sleeve-o-50-75-mm-air-tight-sleeve-for-conduits\/","title":{"rendered":"Oro nepraleid\u017eian\u010dios rankov\u0117s  50-75 mm Oro nepraleid\u017eian\u010dios rankov\u0117s vamzd\u017eiams"},"content":{"rendered":"<p>Air-tight sleeve<br \/>\nAir-tight sleeve for sealing conduit and cable entries in the interior of air-tight building shells.<\/p>\n<p>extremely strong adhesion<br \/>\nFor guaranteed air-tight feed-throughs, especially in the attic<br \/>\n12 types for different conduit and cable diaMeters<br \/>\nSuitable for moisture barrier foils, sarking membranes, OSB boards *<\/p>\n<p><a href=\"https:\/\/www.kaiser-elektro.de\/en_DE\/redirect\/article-plain\/identifier\/9059-52\" target=\"_blank\" rel=\"noopener\">Daugiau informacijos<\/a><\/p>\n<p>Duomen\u0173 lapas:<br \/>\n<a href=\"https:\/\/www.kaiser-elektro.de\/en_DE\/redirect\/datasheet\/identifier\/9059-52\" target=\"_blank\" rel=\"noopener\">Per\u017ei\u016br\u0117ti<\/a><\/p>","protected":false},"excerpt":{"rendered":"<p>Air-tight sleeve Air-tight sleeve for sealing conduit and cable entries in the interior of air-tight building shells. extremely strong adhesion<\/p>","protected":false},"featured_media":17271,"template":"","meta":[],"product_brand":[],"product_cat":[788],"product_tag":[],"class_list":{"0":"post-17271","1":"product","2":"type-product","3":"status-publish","4":"has-post-thumbnail","6":"product_cat-accessories-installation-boxes-and-systems","8":"first","9":"outofstock","10":"taxable","11":"shipping-taxable","12":"purchasable","13":"product-type-simple"},"_links":{"self":[{"href":"https:\/\/shop.vallin.lv\/lt\/wp-json\/wp\/v2\/product\/17271","targetHints":{"allow":["GET"]}}],"collection":[{"href":"https:\/\/shop.vallin.lv\/lt\/wp-json\/wp\/v2\/product"}],"about":[{"href":"https:\/\/shop.vallin.lv\/lt\/wp-json\/wp\/v2\/types\/product"}],"version-history":[{"count":6,"href":"https:\/\/shop.vallin.lv\/lt\/wp-json\/wp\/v2\/product\/17271\/revisions"}],"predecessor-version":[{"id":67860,"href":"https:\/\/shop.vallin.lv\/lt\/wp-json\/wp\/v2\/product\/17271\/revisions\/67860"}],"wp:featuredmedia":[{"embeddable":true,"href":"https:\/\/shop.vallin.lv\/lt\/wp-json\/wp\/v2\/product\/17271"}],"wp:attachment":[{"href":"https:\/\/shop.vallin.lv\/lt\/wp-json\/wp\/v2\/media?parent=17271"}],"wp:term":[{"taxonomy":"product_brand","embeddable":true,"href":"https:\/\/shop.vallin.lv\/lt\/wp-json\/wp\/v2\/product_brand?post=17271"},{"taxonomy":"product_cat","embeddable":true,"href":"https:\/\/shop.vallin.lv\/lt\/wp-json\/wp\/v2\/product_cat?post=17271"},{"taxonomy":"product_tag","embeddable":true,"href":"https:\/\/shop.vallin.lv\/lt\/wp-json\/wp\/v2\/product_tag?post=17271"}],"curies":[{"name":"wp","href":"https:\/\/api.w.org\/{rel}","templated":true}]}}