{"id":17258,"date":"2025-12-02T16:32:40","date_gmt":"2025-12-02T14:32:40","guid":{"rendered":"https:\/\/shop.vallin.lv\/product\/junction-box-ip55-with-entries-12-x-20-mm-85-x-85-x-37-mm-pure-white-ral-9010\/"},"modified":"2026-04-16T13:25:24","modified_gmt":"2026-04-16T11:25:24","slug":"junction-box-ip55-with-entries-12-x-20-mm-85-x-85-x-37-mm-pure-white-ral-9010","status":"publish","type":"product","link":"https:\/\/shop.vallin.lv\/lt\/produktas\/junction-box-ip55-with-entries-12-x-20-mm-85-x-85-x-37-mm-pure-white-ral-9010\/","title":{"rendered":"Paskirstymo d\u0117\u017e\u0117 IP55 su \u012fra\u0161ais 12 x 20 mm 85 x 85 x 37 mm, balta RAL 9010"},"content":{"rendered":"<p>IP55 cable junction box<br \/>\nProtection class IP55 cable junction boxes with external fixing and self-sealing cable entries. Suitable for simple and quick surface-mounted installation for wiring circuits, such as lighting, connection of electrical devices, etc. The cover can be captively fastened to the 4 corners of the box during installation.<\/p>\n<p>The lid can be captively attached to the 4 corners of the box during assembly.<br \/>\nAvailable in 4 colours<\/p>\n<p><a href=\"https:\/\/www.kaiser-elektro.de\/en_DE\/redirect\/article-plain\/identifier\/25461\" target=\"_blank\" rel=\"noopener\">Daugiau informacijos<\/a><\/p>\n<p>Duomen\u0173 lapas:<br \/>\n<a href=\"https:\/\/www.kaiser-elektro.de\/en_DE\/redirect\/datasheet\/identifier\/25461\" target=\"_blank\" rel=\"noopener\">Per\u017ei\u016br\u0117ti<\/a><\/p>","protected":false},"excerpt":{"rendered":"<p>IP55 cable junction box Protection class IP55 cable junction boxes with external fixing and self-sealing cable entries. Suitable for simple<\/p>","protected":false},"featured_media":17258,"template":"","meta":[],"product_brand":[],"product_cat":[786],"product_tag":[],"class_list":{"0":"post-17258","1":"product","2":"type-product","3":"status-publish","4":"has-post-thumbnail","6":"product_cat-special-application-boxes","8":"first","9":"outofstock","10":"taxable","11":"shipping-taxable","12":"purchasable","13":"product-type-simple"},"_links":{"self":[{"href":"https:\/\/shop.vallin.lv\/lt\/wp-json\/wp\/v2\/product\/17258","targetHints":{"allow":["GET"]}}],"collection":[{"href":"https:\/\/shop.vallin.lv\/lt\/wp-json\/wp\/v2\/product"}],"about":[{"href":"https:\/\/shop.vallin.lv\/lt\/wp-json\/wp\/v2\/types\/product"}],"version-history":[{"count":5,"href":"https:\/\/shop.vallin.lv\/lt\/wp-json\/wp\/v2\/product\/17258\/revisions"}],"predecessor-version":[{"id":67847,"href":"https:\/\/shop.vallin.lv\/lt\/wp-json\/wp\/v2\/product\/17258\/revisions\/67847"}],"wp:featuredmedia":[{"embeddable":true,"href":"https:\/\/shop.vallin.lv\/lt\/wp-json\/wp\/v2\/product\/17258"}],"wp:attachment":[{"href":"https:\/\/shop.vallin.lv\/lt\/wp-json\/wp\/v2\/media?parent=17258"}],"wp:term":[{"taxonomy":"product_brand","embeddable":true,"href":"https:\/\/shop.vallin.lv\/lt\/wp-json\/wp\/v2\/product_brand?post=17258"},{"taxonomy":"product_cat","embeddable":true,"href":"https:\/\/shop.vallin.lv\/lt\/wp-json\/wp\/v2\/product_cat?post=17258"},{"taxonomy":"product_tag","embeddable":true,"href":"https:\/\/shop.vallin.lv\/lt\/wp-json\/wp\/v2\/product_tag?post=17258"}],"curies":[{"name":"wp","href":"https:\/\/api.w.org\/{rel}","templated":true}]}}