{"id":17247,"date":"2025-12-02T16:32:20","date_gmt":"2025-12-02T14:32:20","guid":{"rendered":"https:\/\/shop.vallin.lv\/product\/device-screw-plusminus-o-32-x-20-mm-electrogalvanised-combination-screw-cross-head-slot-head\/"},"modified":"2026-04-16T13:25:21","modified_gmt":"2026-04-16T11:25:21","slug":"device-screw-plusminus-o-32-x-20-mm-electrogalvanised-combination-screw-cross-head-slot-head","status":"publish","type":"product","link":"https:\/\/shop.vallin.lv\/lt\/produktas\/device-screw-plusminus-o-32-x-20-mm-electrogalvanised-combination-screw-cross-head-slot-head\/","title":{"rendered":"\u012etaiso var\u017etas, PlusMinus  3,2 x 20 mm, galvanizuotas Kombinuotas var\u017etas - skersinis\/lizdas-galva"},"content":{"rendered":"<p><a href=\"https:\/\/www.kaiser-elektro.de\/en_DE\/redirect\/article-plain\/identifier\/2472-20\" target=\"_blank\" rel=\"noopener\">Daugiau informacijos<\/a><\/p>\n<p>Duomen\u0173 lapas:<br \/>\n<a href=\"https:\/\/www.kaiser-elektro.de\/en_DE\/redirect\/datasheet\/identifier\/2472-20\" target=\"_blank\" rel=\"noopener\">Per\u017ei\u016br\u0117ti<\/a><\/p>\n<p>Sertifikatas:<br \/>\n<a href=\"https:\/\/assets.kaiser-elektro.de\/media\/18\/18959\/KAISER_A_Klassifizierungsbericht_Brandschutz_fuer_Brettsperrholzwaende_2024_DE_web.pdf\" target=\"_blank\" rel=\"noopener\">Classification report for PROTECT\u00ae one-gang junction box for solid wood, conduit sealing system RS 90, cable sealing system LS 90, B15 PROTECT\u00ae multiple sealing and B15 PROTECT\u00ae cable sealing<\/a><\/p>","protected":false},"excerpt":{"rendered":"<p>More information Data Sheet: View Certificate: Classification report for PROTECT\u00ae one-gang junction box for solid wood, conduit sealing system RS<\/p>","protected":false},"featured_media":17247,"template":"","meta":[],"product_brand":[],"product_cat":[788],"product_tag":[],"class_list":{"0":"post-17247","1":"product","2":"type-product","3":"status-publish","4":"has-post-thumbnail","6":"product_cat-accessories-installation-boxes-and-systems","8":"first","9":"instock","10":"taxable","11":"shipping-taxable","12":"purchasable","13":"product-type-simple"},"_links":{"self":[{"href":"https:\/\/shop.vallin.lv\/lt\/wp-json\/wp\/v2\/product\/17247","targetHints":{"allow":["GET"]}}],"collection":[{"href":"https:\/\/shop.vallin.lv\/lt\/wp-json\/wp\/v2\/product"}],"about":[{"href":"https:\/\/shop.vallin.lv\/lt\/wp-json\/wp\/v2\/types\/product"}],"version-history":[{"count":8,"href":"https:\/\/shop.vallin.lv\/lt\/wp-json\/wp\/v2\/product\/17247\/revisions"}],"predecessor-version":[{"id":67836,"href":"https:\/\/shop.vallin.lv\/lt\/wp-json\/wp\/v2\/product\/17247\/revisions\/67836"}],"wp:featuredmedia":[{"embeddable":true,"href":"https:\/\/shop.vallin.lv\/lt\/wp-json\/wp\/v2\/product\/17247"}],"wp:attachment":[{"href":"https:\/\/shop.vallin.lv\/lt\/wp-json\/wp\/v2\/media?parent=17247"}],"wp:term":[{"taxonomy":"product_brand","embeddable":true,"href":"https:\/\/shop.vallin.lv\/lt\/wp-json\/wp\/v2\/product_brand?post=17247"},{"taxonomy":"product_cat","embeddable":true,"href":"https:\/\/shop.vallin.lv\/lt\/wp-json\/wp\/v2\/product_cat?post=17247"},{"taxonomy":"product_tag","embeddable":true,"href":"https:\/\/shop.vallin.lv\/lt\/wp-json\/wp\/v2\/product_tag?post=17247"}],"curies":[{"name":"wp","href":"https:\/\/api.w.org\/{rel}","templated":true}]}}