{"id":17240,"date":"2025-12-02T16:32:09","date_gmt":"2025-12-02T14:32:09","guid":{"rendered":"https:\/\/shop.vallin.lv\/product\/flush-mounting-one-gang-junction-box-sound-insulation\/"},"modified":"2026-05-07T15:55:46","modified_gmt":"2026-05-07T13:55:46","slug":"flush-mounting-one-gang-junction-box-sound-insulation","status":"publish","type":"product","link":"https:\/\/shop.vallin.lv\/lt\/produktas\/flush-mounting-one-gang-junction-box-sound-insulation\/","title":{"rendered":"Sklend\u0117s Jungtis, vienos gang jungties d\u0117\u017eut\u0117s garso izoliacija"},"content":{"rendered":"<p>Flush-mounting sound insulation one-gang junction box<br \/>\nSound insulation box for use in solid construction sound insulation walls with stringent sound insulation requirements. The solid box body with additional sound insulation coating absorbs and reflects the sound, so that interference in adjacent rooms is excluded and the sound insulation remains intact as if no installation box were present.<\/p>\n<p>Maintains the wall's sound insulation protection<br \/>\nInstallation up to 5-unit combinations<br \/>\nOpposing installation is also possible<br \/>\nVariable combination connection piece for conduits up to M25<br \/>\nFlexible for screw and claw fixing of the accessories<br \/>\nCan be used with sound protection cover as a junction box<\/p>\n<p><a href=\"https:\/\/www.kaiser-elektro.de\/en_DE\/redirect\/article-plain\/identifier\/1569-01\" target=\"_blank\" rel=\"noopener\">Daugiau informacijos<\/a><\/p>\n<p>Duomen\u0173 lapas:<br \/>\n<a href=\"https:\/\/www.kaiser-elektro.de\/en_DE\/redirect\/datasheet\/identifier\/1569-01\" target=\"_blank\" rel=\"noopener\">Per\u017ei\u016br\u0117ti<\/a><\/p>\n<p>Sertifikatas:<br \/>\n<a href=\"https:\/\/assets.kaiser-elektro.de\/media\/16\/16414\/KAISER_Zertifikat_Pruefzeugnis_1569-01_Schallschutzdose_UP_Wandaufbau-52u56db_2014_EN.pdf\" target=\"_blank\" rel=\"noopener\">Flush-mounting sound insulation box &#8211; Test certificate<\/a><\/p>","protected":false},"excerpt":{"rendered":"<p>Flush-mounting sound insulation one-gang junction box Sound insulation box for use in solid construction sound insulation walls with stringent sound<\/p>","protected":false},"featured_media":17240,"template":"","meta":[],"product_brand":[],"product_cat":[786],"product_tag":[],"class_list":{"0":"post-17240","1":"product","2":"type-product","3":"status-publish","4":"has-post-thumbnail","6":"product_cat-special-application-boxes","8":"first","9":"instock","10":"taxable","11":"shipping-taxable","12":"purchasable","13":"product-type-simple"},"_links":{"self":[{"href":"https:\/\/shop.vallin.lv\/lt\/wp-json\/wp\/v2\/product\/17240","targetHints":{"allow":["GET"]}}],"collection":[{"href":"https:\/\/shop.vallin.lv\/lt\/wp-json\/wp\/v2\/product"}],"about":[{"href":"https:\/\/shop.vallin.lv\/lt\/wp-json\/wp\/v2\/types\/product"}],"version-history":[{"count":5,"href":"https:\/\/shop.vallin.lv\/lt\/wp-json\/wp\/v2\/product\/17240\/revisions"}],"predecessor-version":[{"id":67829,"href":"https:\/\/shop.vallin.lv\/lt\/wp-json\/wp\/v2\/product\/17240\/revisions\/67829"}],"wp:featuredmedia":[{"embeddable":true,"href":"https:\/\/shop.vallin.lv\/lt\/wp-json\/wp\/v2\/product\/17240"}],"wp:attachment":[{"href":"https:\/\/shop.vallin.lv\/lt\/wp-json\/wp\/v2\/media?parent=17240"}],"wp:term":[{"taxonomy":"product_brand","embeddable":true,"href":"https:\/\/shop.vallin.lv\/lt\/wp-json\/wp\/v2\/product_brand?post=17240"},{"taxonomy":"product_cat","embeddable":true,"href":"https:\/\/shop.vallin.lv\/lt\/wp-json\/wp\/v2\/product_cat?post=17240"},{"taxonomy":"product_tag","embeddable":true,"href":"https:\/\/shop.vallin.lv\/lt\/wp-json\/wp\/v2\/product_tag?post=17240"}],"curies":[{"name":"wp","href":"https:\/\/api.w.org\/{rel}","templated":true}]}}