{"id":17234,"date":"2025-12-02T16:31:56","date_gmt":"2025-12-02T14:31:56","guid":{"rendered":"https:\/\/shop.vallin.lv\/product\/flush-mounting-one-gang-junction-box\/"},"modified":"2026-05-07T15:55:40","modified_gmt":"2026-05-07T13:55:40","slug":"flush-mounting-one-gang-junction-box","status":"publish","type":"product","link":"https:\/\/shop.vallin.lv\/lt\/produktas\/flush-mounting-one-gang-junction-box\/","title":{"rendered":"\u012eleid\u017eiama vienviet\u0117 jungiamoji d\u0117\u017eut\u0117"},"content":{"rendered":"<p>Flush-mounting installation boxes<br \/>\nWith the innovative KAISER UP-PLUS technology, the flush-mounting range impresses with a PLUS in terms of fitting convenience and flexibility. This range with the practical combination connection piece for quick, safe combinations ensures a torsion-proof pluggable connection for combinations with the snap-in connector, as well as a guaranteed standardised combination distance of 71 mm. The variable combination connection pieces are suitable for M20\/M25 conduits and cables, and are standard for KAISER flush-mounting boxes. There are further entries for M20\/M25 conduits and cables around the circumference of the box, as well as an entry for M20 conduits or cables at the bottom of the box. Four screw domes and two expanding claw fields offer secure, flexible mounting options for all types of devices, and thus round off the flush-mounting range.<\/p>\n<p>Variable combination connection piece for conduits up to M25 and cables<br \/>\nSnap-in connector for torsion-proof and guaranteed standardised combination distance of 71 mm<br \/>\nFlexible for screw and expanding claw fixing<br \/>\nOptimum installation space<br \/>\nUP-PLUS \u2013 with distance support, tunnel connector and KLEMMFIX\u00ae for quick, secure installation<\/p>\n<p><a href=\"https:\/\/www.kaiser-elektro.de\/en_DE\/redirect\/article-plain\/identifier\/1555-04\" target=\"_blank\" rel=\"noopener\">Daugiau informacijos<\/a><\/p>\n<p>Duomen\u0173 lapas:<br \/>\n<a href=\"https:\/\/www.kaiser-elektro.de\/en_DE\/redirect\/datasheet\/identifier\/1555-04\" target=\"_blank\" rel=\"noopener\">Per\u017ei\u016br\u0117ti<\/a><\/p>","protected":false},"excerpt":{"rendered":"<p>Flush-mounting installation boxes With the innovative KAISER UP-PLUS technology, the flush-mounting range impresses with a PLUS in terms of fitting<\/p>","protected":false},"featured_media":17234,"template":"","meta":[],"product_brand":[],"product_cat":[784],"product_tag":[],"class_list":{"0":"post-17234","1":"product","2":"type-product","3":"status-publish","4":"has-post-thumbnail","6":"product_cat-boxes-for-concrete-walls","8":"first","9":"instock","10":"taxable","11":"shipping-taxable","12":"purchasable","13":"product-type-simple"},"_links":{"self":[{"href":"https:\/\/shop.vallin.lv\/lt\/wp-json\/wp\/v2\/product\/17234","targetHints":{"allow":["GET"]}}],"collection":[{"href":"https:\/\/shop.vallin.lv\/lt\/wp-json\/wp\/v2\/product"}],"about":[{"href":"https:\/\/shop.vallin.lv\/lt\/wp-json\/wp\/v2\/types\/product"}],"version-history":[{"count":5,"href":"https:\/\/shop.vallin.lv\/lt\/wp-json\/wp\/v2\/product\/17234\/revisions"}],"predecessor-version":[{"id":67823,"href":"https:\/\/shop.vallin.lv\/lt\/wp-json\/wp\/v2\/product\/17234\/revisions\/67823"}],"wp:featuredmedia":[{"embeddable":true,"href":"https:\/\/shop.vallin.lv\/lt\/wp-json\/wp\/v2\/product\/17234"}],"wp:attachment":[{"href":"https:\/\/shop.vallin.lv\/lt\/wp-json\/wp\/v2\/media?parent=17234"}],"wp:term":[{"taxonomy":"product_brand","embeddable":true,"href":"https:\/\/shop.vallin.lv\/lt\/wp-json\/wp\/v2\/product_brand?post=17234"},{"taxonomy":"product_cat","embeddable":true,"href":"https:\/\/shop.vallin.lv\/lt\/wp-json\/wp\/v2\/product_cat?post=17234"},{"taxonomy":"product_tag","embeddable":true,"href":"https:\/\/shop.vallin.lv\/lt\/wp-json\/wp\/v2\/product_tag?post=17234"}],"curies":[{"name":"wp","href":"https:\/\/api.w.org\/{rel}","templated":true}]}}