{"id":17233,"date":"2025-12-02T16:31:54","date_gmt":"2025-12-02T14:31:54","guid":{"rendered":"https:\/\/shop.vallin.lv\/product\/conc-constr-junction-casing-with-plaster-skin-250-x-220-x-82-mm\/"},"modified":"2026-04-16T13:24:15","modified_gmt":"2026-04-16T11:24:15","slug":"conc-constr-junction-casing-with-plaster-skin-250-x-220-x-82-mm","status":"publish","type":"product","link":"https:\/\/shop.vallin.lv\/lt\/produktas\/conc-constr-junction-casing-with-plaster-skin-250-x-220-x-82-mm\/","title":{"rendered":"Jungiamasis korpusas su gipso danga 250 x 220 x 82 mm"},"content":{"rendered":"<p>Junction casings<br \/>\nJunction casings in all sizes and for almost any kind of installations. This product range features practical housing sizes as well as a robust housing design which is perfect for building sites.<\/p>\n<p>As central junction casings for star-shaped cable laying.<br \/>\nEasy to rewire when changing the way rooms are used.<br \/>\nSeparator walls to separate electrical circuits.<br \/>\nEnd cover with screw attachment for VDE-compliant installation.<\/p>\n<p><a href=\"https:\/\/www.kaiser-elektro.de\/en_DE\/redirect\/article-plain\/identifier\/1297-02\" target=\"_blank\" rel=\"noopener\">Daugiau informacijos<\/a><\/p>\n<p>Duomen\u0173 lapas:<br \/>\n<a href=\"https:\/\/www.kaiser-elektro.de\/en_DE\/redirect\/datasheet\/identifier\/1297-02\" target=\"_blank\" rel=\"noopener\">Per\u017ei\u016br\u0117ti<\/a><\/p>\n<p>Sertifikatas:<br \/>\n<a href=\"https:\/\/assets.kaiser-elektro.de\/media\/16\/16922\/KAISER_Zertifikat_Schallschutzgutachten_Betonbauprogramm_2023_DE.pdf\" target=\"_blank\" rel=\"noopener\">Concrete construction boxes &#8211; Sound insulation certificate<\/a><\/p>","protected":false},"excerpt":{"rendered":"<p>Junction casings Junction casings in all sizes and for almost any kind of installations. This product range features practical housing<\/p>","protected":false},"featured_media":17233,"template":"","meta":[],"product_brand":[],"product_cat":[787],"product_tag":[],"class_list":{"0":"post-17233","1":"product","2":"type-product","3":"status-publish","4":"has-post-thumbnail","6":"product_cat-concrete-systems","8":"first","9":"outofstock","10":"taxable","11":"shipping-taxable","12":"purchasable","13":"product-type-simple"},"_links":{"self":[{"href":"https:\/\/shop.vallin.lv\/lt\/wp-json\/wp\/v2\/product\/17233","targetHints":{"allow":["GET"]}}],"collection":[{"href":"https:\/\/shop.vallin.lv\/lt\/wp-json\/wp\/v2\/product"}],"about":[{"href":"https:\/\/shop.vallin.lv\/lt\/wp-json\/wp\/v2\/types\/product"}],"version-history":[{"count":5,"href":"https:\/\/shop.vallin.lv\/lt\/wp-json\/wp\/v2\/product\/17233\/revisions"}],"predecessor-version":[{"id":67822,"href":"https:\/\/shop.vallin.lv\/lt\/wp-json\/wp\/v2\/product\/17233\/revisions\/67822"}],"wp:featuredmedia":[{"embeddable":true,"href":"https:\/\/shop.vallin.lv\/lt\/wp-json\/wp\/v2\/product\/17233"}],"wp:attachment":[{"href":"https:\/\/shop.vallin.lv\/lt\/wp-json\/wp\/v2\/media?parent=17233"}],"wp:term":[{"taxonomy":"product_brand","embeddable":true,"href":"https:\/\/shop.vallin.lv\/lt\/wp-json\/wp\/v2\/product_brand?post=17233"},{"taxonomy":"product_cat","embeddable":true,"href":"https:\/\/shop.vallin.lv\/lt\/wp-json\/wp\/v2\/product_cat?post=17233"},{"taxonomy":"product_tag","embeddable":true,"href":"https:\/\/shop.vallin.lv\/lt\/wp-json\/wp\/v2\/product_tag?post=17233"}],"curies":[{"name":"wp","href":"https:\/\/api.w.org\/{rel}","templated":true}]}}