{"id":17213,"date":"2025-12-02T16:31:18","date_gmt":"2025-12-02T14:31:18","guid":{"rendered":"https:\/\/shop.vallin.lv\/product\/concr-construction-b1-electronics-box-2-part-installation-opening-o-60-mm-depth-91-mm-with-prefix-wing-slot\/"},"modified":"2026-04-16T13:24:25","modified_gmt":"2026-04-16T11:24:25","slug":"concr-construction-b1-electronics-box-2-part-installation-opening-o-60-mm-depth-91-mm-with-prefix-wing-slot","status":"publish","type":"product","link":"https:\/\/shop.vallin.lv\/lt\/produktas\/concr-construction-b1-electronics-box-2-part-installation-opening-o-60-mm-depth-91-mm-with-prefix-wing-slot\/","title":{"rendered":"Konstrukcija, B1 elektronikos d\u0117\u017eut\u0117 2-dalis, montavimo anga  60 mm gylio 91 mm, su prie\u0161fiksinio sparno lizdu"},"content":{"rendered":"<p>B\u00b9 Electronics box and B\u00b9 two-gang junction box<br \/>\nThe B\u00b9 electronics box and B\u00b9 two-gang junction box are especially suitable for installations in on-site mixed concrete vertical formwork. The B\u00b9 electronics box provides plenty of space for accessory installations, and additional space for devices such as switch actuators or other components for smart home applications. The relevant separator wall allows the standardised installation of bus and operating voltages in a single box. B\u00b9 Two-gang junction boxes allow the installation of block and pre-wired accessories, and provide space for the assembly of cable for multimedia connections.<\/p>\n<p>Plenty of space for accessories and cables<br \/>\nSeparator wall for the standardised incorporation of two voltage types<br \/>\nFlat front part for fast, easy nailing<br \/>\nInnovative conduit entries for fast processing on the construction site<br \/>\nSlot for B\u00b9 Prefix\u00ae system wing set<br \/>\nSpring travel ensures secure fit in standing formwork<\/p>\n<p><a href=\"https:\/\/www.kaiser-elektro.de\/en_DE\/redirect\/article-plain\/identifier\/1268-01\" target=\"_blank\" rel=\"noopener\">Daugiau informacijos<\/a><\/p>\n<p>Duomen\u0173 lapas:<br \/>\n<a href=\"https:\/\/www.kaiser-elektro.de\/en_DE\/redirect\/datasheet\/identifier\/1268-01\" target=\"_blank\" rel=\"noopener\">Per\u017ei\u016br\u0117ti<\/a><\/p>\n<p>Sertifikatas:<br \/>\n<a href=\"https:\/\/assets.kaiser-elektro.de\/media\/16\/16922\/KAISER_Zertifikat_Schallschutzgutachten_Betonbauprogramm_2023_DE.pdf\" target=\"_blank\" rel=\"noopener\">Concrete construction boxes &#8211; Sound insulation certificate<\/a><\/p>\n<p><a href=\"https:\/\/www.youtube.com\/watch?v=f5WRs7rohEM\" target=\"_blank\" rel=\"noopener\">Vaizdo \u012fra\u0161as<\/a><\/p>","protected":false},"excerpt":{"rendered":"<p>B\u00b9 Electronics box and B\u00b9 two-gang junction box The B\u00b9 electronics box and B\u00b9 two-gang junction box are especially suitable<\/p>","protected":false},"featured_media":17213,"template":"","meta":[],"product_brand":[],"product_cat":[787],"product_tag":[],"class_list":{"0":"post-17213","1":"product","2":"type-product","3":"status-publish","4":"has-post-thumbnail","6":"product_cat-concrete-systems","8":"first","9":"instock","10":"taxable","11":"shipping-taxable","12":"purchasable","13":"product-type-simple"},"_links":{"self":[{"href":"https:\/\/shop.vallin.lv\/lt\/wp-json\/wp\/v2\/product\/17213","targetHints":{"allow":["GET"]}}],"collection":[{"href":"https:\/\/shop.vallin.lv\/lt\/wp-json\/wp\/v2\/product"}],"about":[{"href":"https:\/\/shop.vallin.lv\/lt\/wp-json\/wp\/v2\/types\/product"}],"version-history":[{"count":5,"href":"https:\/\/shop.vallin.lv\/lt\/wp-json\/wp\/v2\/product\/17213\/revisions"}],"predecessor-version":[{"id":67802,"href":"https:\/\/shop.vallin.lv\/lt\/wp-json\/wp\/v2\/product\/17213\/revisions\/67802"}],"wp:featuredmedia":[{"embeddable":true,"href":"https:\/\/shop.vallin.lv\/lt\/wp-json\/wp\/v2\/product\/17213"}],"wp:attachment":[{"href":"https:\/\/shop.vallin.lv\/lt\/wp-json\/wp\/v2\/media?parent=17213"}],"wp:term":[{"taxonomy":"product_brand","embeddable":true,"href":"https:\/\/shop.vallin.lv\/lt\/wp-json\/wp\/v2\/product_brand?post=17213"},{"taxonomy":"product_cat","embeddable":true,"href":"https:\/\/shop.vallin.lv\/lt\/wp-json\/wp\/v2\/product_cat?post=17213"},{"taxonomy":"product_tag","embeddable":true,"href":"https:\/\/shop.vallin.lv\/lt\/wp-json\/wp\/v2\/product_tag?post=17213"}],"curies":[{"name":"wp","href":"https:\/\/api.w.org\/{rel}","templated":true}]}}