{"id":17205,"date":"2025-12-02T16:31:04","date_gmt":"2025-12-02T14:31:04","guid":{"rendered":"https:\/\/shop.vallin.lv\/product\/concrete-construction-oval-funnel-for-m25-conduits-with-closing-cover\/"},"modified":"2026-04-16T13:25:38","modified_gmt":"2026-04-16T11:25:38","slug":"concrete-construction-oval-funnel-for-m25-conduits-with-closing-cover","status":"publish","type":"product","link":"https:\/\/shop.vallin.lv\/lt\/produktas\/concrete-construction-oval-funnel-for-m25-conduits-with-closing-cover\/","title":{"rendered":"Betono konstrukcijos ovalus piltuvas M25 vamzd\u017eiams su u\u017edarymo dang\u010diu"},"content":{"rendered":"<p>Oval funnel<br \/>\nThe oval funnel simplifies the exact joining of prefabricated concrete elements with integrated installation conduits. It guarantees safe conduit entry and provides a tolerance compensation of 1 cm or 2 cm during installation.<\/p>\n<p>Tolerance compensation when joining the concrete elements<br \/>\nFor industrially prefabricated ceiling and wall elements as well as on-site mixed concrete<br \/>\nFor secure connection of installation conduits on transitions of prefabricated concrete elements<br \/>\nPrecise joining of electrical installation conduits<br \/>\nTolerance compensation: 2 cm in longitudinal direction and 1 cm in transverse direction.<\/p>\n<p><a href=\"https:\/\/www.kaiser-elektro.de\/en_DE\/redirect\/article-plain\/identifier\/1261-43\" target=\"_blank\" rel=\"noopener\">Daugiau informacijos<\/a><\/p>\n<p>Duomen\u0173 lapas:<br \/>\n<a href=\"https:\/\/www.kaiser-elektro.de\/en_DE\/redirect\/datasheet\/identifier\/1261-43\" target=\"_blank\" rel=\"noopener\">Per\u017ei\u016br\u0117ti<\/a><\/p>","protected":false},"excerpt":{"rendered":"<p>Oval funnel The oval funnel simplifies the exact joining of prefabricated concrete elements with integrated installation conduits. It guarantees safe<\/p>","protected":false},"featured_media":17205,"template":"","meta":[],"product_brand":[],"product_cat":[787],"product_tag":[],"class_list":{"0":"post-17205","1":"product","2":"type-product","3":"status-publish","4":"has-post-thumbnail","6":"product_cat-concrete-systems","8":"first","9":"instock","10":"taxable","11":"shipping-taxable","12":"purchasable","13":"product-type-simple"},"_links":{"self":[{"href":"https:\/\/shop.vallin.lv\/lt\/wp-json\/wp\/v2\/product\/17205","targetHints":{"allow":["GET"]}}],"collection":[{"href":"https:\/\/shop.vallin.lv\/lt\/wp-json\/wp\/v2\/product"}],"about":[{"href":"https:\/\/shop.vallin.lv\/lt\/wp-json\/wp\/v2\/types\/product"}],"version-history":[{"count":5,"href":"https:\/\/shop.vallin.lv\/lt\/wp-json\/wp\/v2\/product\/17205\/revisions"}],"predecessor-version":[{"id":67794,"href":"https:\/\/shop.vallin.lv\/lt\/wp-json\/wp\/v2\/product\/17205\/revisions\/67794"}],"wp:featuredmedia":[{"embeddable":true,"href":"https:\/\/shop.vallin.lv\/lt\/wp-json\/wp\/v2\/product\/17205"}],"wp:attachment":[{"href":"https:\/\/shop.vallin.lv\/lt\/wp-json\/wp\/v2\/media?parent=17205"}],"wp:term":[{"taxonomy":"product_brand","embeddable":true,"href":"https:\/\/shop.vallin.lv\/lt\/wp-json\/wp\/v2\/product_brand?post=17205"},{"taxonomy":"product_cat","embeddable":true,"href":"https:\/\/shop.vallin.lv\/lt\/wp-json\/wp\/v2\/product_cat?post=17205"},{"taxonomy":"product_tag","embeddable":true,"href":"https:\/\/shop.vallin.lv\/lt\/wp-json\/wp\/v2\/product_tag?post=17205"}],"curies":[{"name":"wp","href":"https:\/\/api.w.org\/{rel}","templated":true}]}}