{"id":17200,"date":"2025-12-02T16:30:53","date_gmt":"2025-12-02T14:30:53","guid":{"rendered":"https:\/\/shop.vallin.lv\/product\/concr-constr-b1-univ-ceiling-exit-45-2-part-exit-opening-o-45-mm-depth-72-mm-with-light-hook-wing-slot\/"},"modified":"2026-04-16T13:24:27","modified_gmt":"2026-04-16T11:24:27","slug":"concr-constr-b1-univ-ceiling-exit-45-2-part-exit-opening-o-45-mm-depth-72-mm-with-light-hook-wing-slot","status":"publish","type":"product","link":"https:\/\/shop.vallin.lv\/lt\/produktas\/concr-constr-b1-univ-ceiling-exit-45-2-part-exit-opening-o-45-mm-depth-72-mm-with-light-hook-wing-slot\/","title":{"rendered":"Constr. constr. B1 univ. lub\u0173 i\u0161\u0117jimas 45 2 dali\u0173, i\u0161\u0117jimo anga  45 mm gylio 72 mm, su \u0161viesos kablio sparno lizdu"},"content":{"rendered":"<p>B\u00b9 ceiling junction box<br \/>\nThe new B\u00b9 ceiling boxes simplify installation on the ceiling formwork. The innovative conduit entries enable conduits to be easily inserted into several ceiling boxes arranged in a row without having to cut them during the laying work. Due to the conduit entries located higher up, additional cut-outs of the reinforcement bars are unnecessary, ensuring fast insertion of the empty conduits on the ceiling.<\/p>\n<p>Suitable for all types of formwork<br \/>\nFlat front part enables smooth insertion of the reinforcing bars on the ceiling formwork<br \/>\nInnovative conduit entries for fast processing on the construction site<br \/>\nLarger mounting and installation space<br \/>\nMounting of a light hook in accordance with DIN EN 60670<br \/>\nThe proven KAISER colour coding system ensures that the installation can be checked quickly<\/p>\n<p><a href=\"https:\/\/www.kaiser-elektro.de\/en_DE\/redirect\/article-plain\/identifier\/1249-13\" target=\"_blank\" rel=\"noopener\">Daugiau informacijos<\/a><\/p>\n<p>Duomen\u0173 lapas:<br \/>\n<a href=\"https:\/\/www.kaiser-elektro.de\/en_DE\/redirect\/datasheet\/identifier\/1249-13\" target=\"_blank\" rel=\"noopener\">Per\u017ei\u016br\u0117ti<\/a><\/p>\n<p><a href=\"https:\/\/www.youtube.com\/watch?v=f5WRs7rohEM\" target=\"_blank\" rel=\"noopener\">Vaizdo \u012fra\u0161as<\/a><\/p>","protected":false},"excerpt":{"rendered":"<p>B\u00b9 ceiling junction box The new B\u00b9 ceiling boxes simplify installation on the ceiling formwork. The innovative conduit entries enable<\/p>","protected":false},"featured_media":17200,"template":"","meta":[],"product_brand":[],"product_cat":[787],"product_tag":[],"class_list":{"0":"post-17200","1":"product","2":"type-product","3":"status-publish","4":"has-post-thumbnail","6":"product_cat-concrete-systems","8":"first","9":"outofstock","10":"taxable","11":"shipping-taxable","12":"purchasable","13":"product-type-simple"},"_links":{"self":[{"href":"https:\/\/shop.vallin.lv\/lt\/wp-json\/wp\/v2\/product\/17200","targetHints":{"allow":["GET"]}}],"collection":[{"href":"https:\/\/shop.vallin.lv\/lt\/wp-json\/wp\/v2\/product"}],"about":[{"href":"https:\/\/shop.vallin.lv\/lt\/wp-json\/wp\/v2\/types\/product"}],"version-history":[{"count":5,"href":"https:\/\/shop.vallin.lv\/lt\/wp-json\/wp\/v2\/product\/17200\/revisions"}],"predecessor-version":[{"id":67789,"href":"https:\/\/shop.vallin.lv\/lt\/wp-json\/wp\/v2\/product\/17200\/revisions\/67789"}],"wp:featuredmedia":[{"embeddable":true,"href":"https:\/\/shop.vallin.lv\/lt\/wp-json\/wp\/v2\/product\/17200"}],"wp:attachment":[{"href":"https:\/\/shop.vallin.lv\/lt\/wp-json\/wp\/v2\/media?parent=17200"}],"wp:term":[{"taxonomy":"product_brand","embeddable":true,"href":"https:\/\/shop.vallin.lv\/lt\/wp-json\/wp\/v2\/product_brand?post=17200"},{"taxonomy":"product_cat","embeddable":true,"href":"https:\/\/shop.vallin.lv\/lt\/wp-json\/wp\/v2\/product_cat?post=17200"},{"taxonomy":"product_tag","embeddable":true,"href":"https:\/\/shop.vallin.lv\/lt\/wp-json\/wp\/v2\/product_tag?post=17200"}],"curies":[{"name":"wp","href":"https:\/\/api.w.org\/{rel}","templated":true}]}}