{"id":17199,"date":"2025-12-02T16:30:51","date_gmt":"2025-12-02T14:30:51","guid":{"rendered":"https:\/\/shop.vallin.lv\/product\/concr-constr-b1-universal-wall-exit-2-part-exit-opening-o-45-mm-depth-67-mm-with-prefix-wing-slot\/"},"modified":"2026-04-16T13:24:29","modified_gmt":"2026-04-16T11:24:29","slug":"concr-constr-b1-universal-wall-exit-2-part-exit-opening-o-45-mm-depth-67-mm-with-prefix-wing-slot","status":"publish","type":"product","link":"https:\/\/shop.vallin.lv\/lt\/produktas\/concr-constr-b1-universal-wall-exit-2-part-exit-opening-o-45-mm-depth-67-mm-with-prefix-wing-slot\/","title":{"rendered":"Constr. constr. B1 universalus sienos i\u0161\u0117jimas 2-dalis, i\u0161\u0117jimo anga  45 mm Gylis 67 mm, su Prefix sparno lizdu"},"content":{"rendered":"<p>B\u00b9 one-gang box and B\u00b9 one-gang junction boxes<br \/>\nB\u00b9, the new on-site mixed concrete range of products for electrical installation work. In addition to the tried-and-tested system features such as the flat front part, sturdy fixing domes and the support element slot with a sprung box base, the new B\u00b9 range has innovative conduit entries, sturdy slots for the new B\u00b9 Prefix\u00ae system wing range, and also bridges \u2013 which can be broken out later if required \u2013 for connecting accessories in combinations.<\/p>\n<p>Suitable for all types of formwork<br \/>\nSlot for B\u00b9 Prefix\u00ae system wing set<br \/>\nCan be stably combined over the complete box body with a standardised combination distance of 71 mm<br \/>\nInnovative conduit entries for fast processing on the construction site<br \/>\nSignal bristles for easy location with installations on the opposing formwork side<br \/>\nLarger mounting and installation space<br \/>\nInstallation of pre-wired installation accessories with multiple combinations, because the bridge can be broken out later<\/p>\n<p><a href=\"https:\/\/www.kaiser-elektro.de\/en_DE\/redirect\/article-plain\/identifier\/1248-03\" target=\"_blank\" rel=\"noopener\">Daugiau informacijos<\/a><\/p>\n<p>Duomen\u0173 lapas:<br \/>\n<a href=\"https:\/\/www.kaiser-elektro.de\/en_DE\/redirect\/datasheet\/identifier\/1248-03\" target=\"_blank\" rel=\"noopener\">Per\u017ei\u016br\u0117ti<\/a><\/p>\n<p>Sertifikatas:<br \/>\n<a href=\"https:\/\/assets.kaiser-elektro.de\/media\/16\/16922\/KAISER_Zertifikat_Schallschutzgutachten_Betonbauprogramm_2023_DE.pdf\" target=\"_blank\" rel=\"noopener\">Concrete construction boxes &#8211; Sound insulation certificate<\/a><\/p>\n<p><a href=\"https:\/\/www.youtube.com\/watch?v=f5WRs7rohEM\" target=\"_blank\" rel=\"noopener\">Vaizdo \u012fra\u0161as<\/a><\/p>","protected":false},"excerpt":{"rendered":"<p>B\u00b9 one-gang box and B\u00b9 one-gang junction boxes B\u00b9, the new on-site mixed concrete range of products for electrical installation<\/p>","protected":false},"featured_media":17199,"template":"","meta":[],"product_brand":[],"product_cat":[787],"product_tag":[],"class_list":{"0":"post-17199","1":"product","2":"type-product","3":"status-publish","4":"has-post-thumbnail","6":"product_cat-concrete-systems","8":"first","9":"outofstock","10":"taxable","11":"shipping-taxable","12":"purchasable","13":"product-type-simple"},"_links":{"self":[{"href":"https:\/\/shop.vallin.lv\/lt\/wp-json\/wp\/v2\/product\/17199","targetHints":{"allow":["GET"]}}],"collection":[{"href":"https:\/\/shop.vallin.lv\/lt\/wp-json\/wp\/v2\/product"}],"about":[{"href":"https:\/\/shop.vallin.lv\/lt\/wp-json\/wp\/v2\/types\/product"}],"version-history":[{"count":5,"href":"https:\/\/shop.vallin.lv\/lt\/wp-json\/wp\/v2\/product\/17199\/revisions"}],"predecessor-version":[{"id":67788,"href":"https:\/\/shop.vallin.lv\/lt\/wp-json\/wp\/v2\/product\/17199\/revisions\/67788"}],"wp:featuredmedia":[{"embeddable":true,"href":"https:\/\/shop.vallin.lv\/lt\/wp-json\/wp\/v2\/product\/17199"}],"wp:attachment":[{"href":"https:\/\/shop.vallin.lv\/lt\/wp-json\/wp\/v2\/media?parent=17199"}],"wp:term":[{"taxonomy":"product_brand","embeddable":true,"href":"https:\/\/shop.vallin.lv\/lt\/wp-json\/wp\/v2\/product_brand?post=17199"},{"taxonomy":"product_cat","embeddable":true,"href":"https:\/\/shop.vallin.lv\/lt\/wp-json\/wp\/v2\/product_cat?post=17199"},{"taxonomy":"product_tag","embeddable":true,"href":"https:\/\/shop.vallin.lv\/lt\/wp-json\/wp\/v2\/product_tag?post=17199"}],"curies":[{"name":"wp","href":"https:\/\/api.w.org\/{rel}","templated":true}]}}