{"id":17194,"date":"2025-12-02T16:30:42","date_gmt":"2025-12-02T14:30:42","guid":{"rendered":"https:\/\/shop.vallin.lv\/product\/conc-const-b1-prefixadapter-o-25mm-1-part-for-art-no-1202-34-1204-34-for-prefix-wing-slot\/"},"modified":"2026-04-16T13:24:29","modified_gmt":"2026-04-16T11:24:29","slug":"conc-const-b1-prefixadapter-o-25mm-1-part-for-art-no-1202-34-1204-34-for-prefix-wing-slot","status":"publish","type":"product","link":"https:\/\/shop.vallin.lv\/lt\/produktas\/conc-const-b1-prefixadapter-o-25mm-1-part-for-art-no-1202-34-1204-34-for-prefix-wing-slot\/","title":{"rendered":"Conc. const., B1 Prefixadapter  25mm 1 dalis, u\u017e Art. No.1202-34 &amp; 1204-34 u\u017e Prefix sparno lizdas"},"content":{"rendered":"<p>B\u00b9 Prefix\u00ae wall outlet adapter<br \/>\nUsing the B\u00b9 Prefix\u00ae wall outlet adapter, end and transition grommets, and wall and ceiling 30\u00b0-elbows, can be easily and quickly fixed to the reinforcement for pressing against the (not yet placed) front formwork. They have two strong attachment slots, on opposite sides, for clicking the new Prefix\u00ae system wing brackets into place.<\/p>\n<p>Fast and easy installation on opposing formwork without support element and abutment<br \/>\nFor installation in exposed concrete, pressed against the front formwork<\/p>\n<p><a href=\"https:\/\/www.kaiser-elektro.de\/en_DE\/redirect\/article-plain\/identifier\/1211-25\" target=\"_blank\" rel=\"noopener\">Daugiau informacijos<\/a><\/p>\n<p>Duomen\u0173 lapas:<br \/>\n<a href=\"https:\/\/www.kaiser-elektro.de\/en_DE\/redirect\/datasheet\/identifier\/1211-25\" target=\"_blank\" rel=\"noopener\">Per\u017ei\u016br\u0117ti<\/a><\/p>\n<p><a href=\"https:\/\/www.youtube.com\/watch?v=wMsvluZfWvY\" target=\"_blank\" rel=\"noopener\">Vaizdo \u012fra\u0161as<\/a><\/p>","protected":false},"excerpt":{"rendered":"<p>B\u00b9 Prefix\u00ae wall outlet adapter Using the B\u00b9 Prefix\u00ae wall outlet adapter, end and transition grommets, and wall and ceiling<\/p>","protected":false},"featured_media":17194,"template":"","meta":[],"product_brand":[],"product_cat":[787],"product_tag":[],"class_list":{"0":"post-17194","1":"product","2":"type-product","3":"status-publish","4":"has-post-thumbnail","6":"product_cat-concrete-systems","8":"first","9":"instock","10":"taxable","11":"shipping-taxable","12":"purchasable","13":"product-type-simple"},"_links":{"self":[{"href":"https:\/\/shop.vallin.lv\/lt\/wp-json\/wp\/v2\/product\/17194","targetHints":{"allow":["GET"]}}],"collection":[{"href":"https:\/\/shop.vallin.lv\/lt\/wp-json\/wp\/v2\/product"}],"about":[{"href":"https:\/\/shop.vallin.lv\/lt\/wp-json\/wp\/v2\/types\/product"}],"version-history":[{"count":5,"href":"https:\/\/shop.vallin.lv\/lt\/wp-json\/wp\/v2\/product\/17194\/revisions"}],"predecessor-version":[{"id":67783,"href":"https:\/\/shop.vallin.lv\/lt\/wp-json\/wp\/v2\/product\/17194\/revisions\/67783"}],"wp:featuredmedia":[{"embeddable":true,"href":"https:\/\/shop.vallin.lv\/lt\/wp-json\/wp\/v2\/product\/17194"}],"wp:attachment":[{"href":"https:\/\/shop.vallin.lv\/lt\/wp-json\/wp\/v2\/media?parent=17194"}],"wp:term":[{"taxonomy":"product_brand","embeddable":true,"href":"https:\/\/shop.vallin.lv\/lt\/wp-json\/wp\/v2\/product_brand?post=17194"},{"taxonomy":"product_cat","embeddable":true,"href":"https:\/\/shop.vallin.lv\/lt\/wp-json\/wp\/v2\/product_cat?post=17194"},{"taxonomy":"product_tag","embeddable":true,"href":"https:\/\/shop.vallin.lv\/lt\/wp-json\/wp\/v2\/product_tag?post=17194"}],"curies":[{"name":"wp","href":"https:\/\/api.w.org\/{rel}","templated":true}]}}