{"id":17190,"date":"2025-12-02T16:30:35","date_gmt":"2025-12-02T14:30:35","guid":{"rendered":"https:\/\/shop.vallin.lv\/product\/cncr-costr-b1-prefix-system-wing-set-2-part-dimensions-103-x-49-x-36-mm-for-fixing-to-the-reinforcement\/"},"modified":"2026-05-07T15:55:36","modified_gmt":"2026-05-07T13:55:36","slug":"cncr-costr-b1-prefix-system-wing-set-2-part-dimensions-103-x-49-x-36-mm-for-fixing-to-the-reinforcement","status":"publish","type":"product","link":"https:\/\/shop.vallin.lv\/lt\/produktas\/cncr-costr-b1-prefix-system-wing-set-2-part-dimensions-103-x-49-x-36-mm-for-fixing-to-the-reinforcement\/","title":{"rendered":"Cncr. costr., B1 Prefix sistemos sparno komplektas 2 dalis, matmenys 103 x 49 x 36 mm tvirtinimui prie armat\u016bros"},"content":{"rendered":"<p>B\u00b9 Prefix\u00ae system wings<br \/>\nThe B\u00b9 Prefix\u00ae system wing allows fast, easy fixing to the reinforcement. This means optimal installation on the opposing formwork side and for free-standing reinforcement, and also for sliding or travelling formwork constructions. All wall applications in the new B\u00b9 range have slots for the locking of two Prefix\u00ae system wings. This ensures fast, easy installation on the opposing formwork side.<\/p>\n<p>Fast and easy installation on opposing formwork without support element and abutment<br \/>\nHolding in place using the Prefix\u00ae installation technology leaves both hands free for securing with tie wires<br \/>\nA pronounced corrugated profile and additional fixing opportunities for secure fixing using tie wires<br \/>\nCombinable when using wall and ceiling transitions<br \/>\nFor installation in exposed concrete, pressed against the front formwork<br \/>\nSuitable for 20 - 60 mm concrete covers<\/p>\n<p><a href=\"https:\/\/www.kaiser-elektro.de\/en_DE\/redirect\/article-plain\/identifier\/1211-00\" target=\"_blank\" rel=\"noopener\">Daugiau informacijos<\/a><\/p>\n<p>Duomen\u0173 lapas:<br \/>\n<a href=\"https:\/\/www.kaiser-elektro.de\/en_DE\/redirect\/datasheet\/identifier\/1211-00\" target=\"_blank\" rel=\"noopener\">Per\u017ei\u016br\u0117ti<\/a><\/p>\n<p><a href=\"https:\/\/www.youtube.com\/watch?v=f5WRs7rohEM\" target=\"_blank\" rel=\"noopener\">Vaizdo \u012fra\u0161as<\/a><\/p>","protected":false},"excerpt":{"rendered":"<p>B\u00b9 Prefix\u00ae system wings The B\u00b9 Prefix\u00ae system wing allows fast, easy fixing to the reinforcement. This means optimal installation<\/p>","protected":false},"featured_media":17190,"template":"","meta":[],"product_brand":[],"product_cat":[787],"product_tag":[],"class_list":{"0":"post-17190","1":"product","2":"type-product","3":"status-publish","4":"has-post-thumbnail","6":"product_cat-concrete-systems","8":"first","9":"instock","10":"taxable","11":"shipping-taxable","12":"purchasable","13":"product-type-simple"},"_links":{"self":[{"href":"https:\/\/shop.vallin.lv\/lt\/wp-json\/wp\/v2\/product\/17190","targetHints":{"allow":["GET"]}}],"collection":[{"href":"https:\/\/shop.vallin.lv\/lt\/wp-json\/wp\/v2\/product"}],"about":[{"href":"https:\/\/shop.vallin.lv\/lt\/wp-json\/wp\/v2\/types\/product"}],"version-history":[{"count":5,"href":"https:\/\/shop.vallin.lv\/lt\/wp-json\/wp\/v2\/product\/17190\/revisions"}],"predecessor-version":[{"id":67779,"href":"https:\/\/shop.vallin.lv\/lt\/wp-json\/wp\/v2\/product\/17190\/revisions\/67779"}],"wp:featuredmedia":[{"embeddable":true,"href":"https:\/\/shop.vallin.lv\/lt\/wp-json\/wp\/v2\/product\/17190"}],"wp:attachment":[{"href":"https:\/\/shop.vallin.lv\/lt\/wp-json\/wp\/v2\/media?parent=17190"}],"wp:term":[{"taxonomy":"product_brand","embeddable":true,"href":"https:\/\/shop.vallin.lv\/lt\/wp-json\/wp\/v2\/product_brand?post=17190"},{"taxonomy":"product_cat","embeddable":true,"href":"https:\/\/shop.vallin.lv\/lt\/wp-json\/wp\/v2\/product_cat?post=17190"},{"taxonomy":"product_tag","embeddable":true,"href":"https:\/\/shop.vallin.lv\/lt\/wp-json\/wp\/v2\/product_tag?post=17190"}],"curies":[{"name":"wp","href":"https:\/\/api.w.org\/{rel}","templated":true}]}}