{"id":17189,"date":"2025-12-02T16:30:32","date_gmt":"2025-12-02T14:30:32","guid":{"rendered":"https:\/\/shop.vallin.lv\/product\/concrete-construct-abutment-for-support-element-o-20-mm-for-nailing\/"},"modified":"2026-04-16T13:24:05","modified_gmt":"2026-04-16T11:24:05","slug":"concrete-construct-abutment-for-support-element-o-20-mm-for-nailing","status":"publish","type":"product","link":"https:\/\/shop.vallin.lv\/lt\/produktas\/concrete-construct-abutment-for-support-element-o-20-mm-for-nailing\/","title":{"rendered":"Betono konstrukcija. Atraminio elemento atrama  20 mm vinims tvirtinti"},"content":{"rendered":"<p>Abutment and support elements<br \/>\nThe on-site mixed concrete programme offers special abutments and support elements for the installation of opposing one-gang boxes or the installation of one-gang boxes and junction casings on the opposite side of the formwork. For this purpose, there are holders in the back of the item that provide the support elements with a anti-rotation hold. The curved base of the box facing outwards forms an integrated spring travel, which is used to compensate for component-related tolerances when setting the opposing formwork by compressing it.<\/p>\n<p>Two abutments for fixing to the working formwork using expanding dowels, nails, screws or adhesive foil<br \/>\nNo blocking of conduit entries thanks to the anti-rotation support element attachments in the back of the one-gang boxes and junction casings<br \/>\nThe integrated spring travel ensures a secure hold between the working and opposing formwork and compensates for construction tolerances<br \/>\nThanks to their star-shaped contour, the support elements ensure that the concrete flows around the entire surface<\/p>\n<p><a href=\"https:\/\/www.kaiser-elektro.de\/en_DE\/redirect\/article-plain\/identifier\/1210-02\" target=\"_blank\" rel=\"noopener\">Daugiau informacijos<\/a><\/p>\n<p>Duomen\u0173 lapas:<br \/>\n<a href=\"https:\/\/www.kaiser-elektro.de\/en_DE\/redirect\/datasheet\/identifier\/1210-02\" target=\"_blank\" rel=\"noopener\">Per\u017ei\u016br\u0117ti<\/a><\/p>","protected":false},"excerpt":{"rendered":"<p>Abutment and support elements The on-site mixed concrete programme offers special abutments and support elements for the installation of opposing<\/p>","protected":false},"featured_media":17189,"template":"","meta":[],"product_brand":[],"product_cat":[787],"product_tag":[],"class_list":{"0":"post-17189","1":"product","2":"type-product","3":"status-publish","4":"has-post-thumbnail","6":"product_cat-concrete-systems","8":"first","9":"outofstock","10":"taxable","11":"shipping-taxable","12":"purchasable","13":"product-type-simple"},"_links":{"self":[{"href":"https:\/\/shop.vallin.lv\/lt\/wp-json\/wp\/v2\/product\/17189","targetHints":{"allow":["GET"]}}],"collection":[{"href":"https:\/\/shop.vallin.lv\/lt\/wp-json\/wp\/v2\/product"}],"about":[{"href":"https:\/\/shop.vallin.lv\/lt\/wp-json\/wp\/v2\/types\/product"}],"version-history":[{"count":5,"href":"https:\/\/shop.vallin.lv\/lt\/wp-json\/wp\/v2\/product\/17189\/revisions"}],"predecessor-version":[{"id":67778,"href":"https:\/\/shop.vallin.lv\/lt\/wp-json\/wp\/v2\/product\/17189\/revisions\/67778"}],"wp:featuredmedia":[{"embeddable":true,"href":"https:\/\/shop.vallin.lv\/lt\/wp-json\/wp\/v2\/product\/17189"}],"wp:attachment":[{"href":"https:\/\/shop.vallin.lv\/lt\/wp-json\/wp\/v2\/media?parent=17189"}],"wp:term":[{"taxonomy":"product_brand","embeddable":true,"href":"https:\/\/shop.vallin.lv\/lt\/wp-json\/wp\/v2\/product_brand?post=17189"},{"taxonomy":"product_cat","embeddable":true,"href":"https:\/\/shop.vallin.lv\/lt\/wp-json\/wp\/v2\/product_cat?post=17189"},{"taxonomy":"product_tag","embeddable":true,"href":"https:\/\/shop.vallin.lv\/lt\/wp-json\/wp\/v2\/product_tag?post=17189"}],"curies":[{"name":"wp","href":"https:\/\/api.w.org\/{rel}","templated":true}]}}