{"id":17188,"date":"2025-12-02T16:30:31","date_gmt":"2025-12-02T14:30:31","guid":{"rendered":"https:\/\/shop.vallin.lv\/product\/conc-const-end-and-transition-bush-for-m25-conduits-with-plaster-skin-2-part-o-36-x-35-mm\/"},"modified":"2026-04-16T13:24:02","modified_gmt":"2026-04-16T11:24:02","slug":"conc-const-end-and-transition-bush-for-m25-conduits-with-plaster-skin-2-part-o-36-x-35-mm","status":"publish","type":"product","link":"https:\/\/shop.vallin.lv\/lt\/produktas\/conc-const-end-and-transition-bush-for-m25-conduits-with-plaster-skin-2-part-o-36-x-35-mm\/","title":{"rendered":"Kons. galas ir pereinamasis kr\u016bmas M25 vamzd\u017eiams, su 2 dali\u0173 tinko oda,  36 x 35 mm"},"content":{"rendered":"<p>End and transition grommets, wall and ceiling elbows 30\u00b0<br \/>\nEnd and transition grommets, and wall and ceiling 30\u00b0-elbows, for ensuring a continuously functioning conduit system at transition points. The particularly compact design of the end and transition grommets enables conduit outlets to be easily arranged - even between closely spaced reinforcement bars without needing to adjust the bars. The optimum elbow radius of the wall and ceiling elbow fittings, and their precisely fitting conduit entries, avoid the occurrence of protruding edges at interfaces, thus ensuring that cables can be freely inserted from both ends.<\/p>\n<p>Compact design for easy installation between closely spaced reinforcement bars<br \/>\nOptimal elbow radius for easy cable insertion<br \/>\nInstallation against the (as yet unplaced) front formwork by means of a support strut with base plate to the rear formwork<br \/>\nTwo-part design with secure snap-in connection<br \/>\nEasy removal of the sealing membrane<br \/>\nSmall visible area for neat wall\/ceiling appearance<\/p>\n<p><a href=\"https:\/\/www.kaiser-elektro.de\/en_DE\/redirect\/article-plain\/identifier\/1204-34\" target=\"_blank\" rel=\"noopener\">Daugiau informacijos<\/a><\/p>\n<p>Duomen\u0173 lapas:<br \/>\n<a href=\"https:\/\/www.kaiser-elektro.de\/en_DE\/redirect\/datasheet\/identifier\/1204-34\" target=\"_blank\" rel=\"noopener\">Per\u017ei\u016br\u0117ti<\/a><\/p>","protected":false},"excerpt":{"rendered":"<p>End and transition grommets, wall and ceiling elbows 30\u00b0 End and transition grommets, and wall and ceiling 30\u00b0-elbows, for ensuring<\/p>","protected":false},"featured_media":17188,"template":"","meta":[],"product_brand":[],"product_cat":[787],"product_tag":[],"class_list":{"0":"post-17188","1":"product","2":"type-product","3":"status-publish","4":"has-post-thumbnail","6":"product_cat-concrete-systems","8":"first","9":"instock","10":"taxable","11":"shipping-taxable","12":"purchasable","13":"product-type-simple"},"_links":{"self":[{"href":"https:\/\/shop.vallin.lv\/lt\/wp-json\/wp\/v2\/product\/17188","targetHints":{"allow":["GET"]}}],"collection":[{"href":"https:\/\/shop.vallin.lv\/lt\/wp-json\/wp\/v2\/product"}],"about":[{"href":"https:\/\/shop.vallin.lv\/lt\/wp-json\/wp\/v2\/types\/product"}],"version-history":[{"count":5,"href":"https:\/\/shop.vallin.lv\/lt\/wp-json\/wp\/v2\/product\/17188\/revisions"}],"predecessor-version":[{"id":67777,"href":"https:\/\/shop.vallin.lv\/lt\/wp-json\/wp\/v2\/product\/17188\/revisions\/67777"}],"wp:featuredmedia":[{"embeddable":true,"href":"https:\/\/shop.vallin.lv\/lt\/wp-json\/wp\/v2\/product\/17188"}],"wp:attachment":[{"href":"https:\/\/shop.vallin.lv\/lt\/wp-json\/wp\/v2\/media?parent=17188"}],"wp:term":[{"taxonomy":"product_brand","embeddable":true,"href":"https:\/\/shop.vallin.lv\/lt\/wp-json\/wp\/v2\/product_brand?post=17188"},{"taxonomy":"product_cat","embeddable":true,"href":"https:\/\/shop.vallin.lv\/lt\/wp-json\/wp\/v2\/product_cat?post=17188"},{"taxonomy":"product_tag","embeddable":true,"href":"https:\/\/shop.vallin.lv\/lt\/wp-json\/wp\/v2\/product_tag?post=17188"}],"curies":[{"name":"wp","href":"https:\/\/api.w.org\/{rel}","templated":true}]}}