{"id":17182,"date":"2025-12-02T16:30:20","date_gmt":"2025-12-02T14:30:20","guid":{"rendered":"https:\/\/shop.vallin.lv\/product\/tool-drilling-template-for-standard-combinations-71-and-91-mm-with-guide-pin-and-spirit-levels\/"},"modified":"2026-04-16T13:26:04","modified_gmt":"2026-04-16T11:26:04","slug":"tool-drilling-template-for-standard-combinations-71-and-91-mm-with-guide-pin-and-spirit-levels","status":"publish","type":"product","link":"https:\/\/shop.vallin.lv\/lt\/produktas\/tool-drilling-template-for-standard-combinations-71-and-91-mm-with-guide-pin-and-spirit-levels\/","title":{"rendered":"\u012eranki\u0173 gr\u0119\u017eimo \u0161ablonas Standartiniams 71 ir 91 mm deriniams su kreipiamuoju kai\u0161\u010diu ir spirito lygiais"},"content":{"rendered":"<p>Drilling template<br \/>\nDrilling template for exact positioning of the centring holes for creating installation openings in masonry. The drilling template can be used to reliably and precise to create vertical or horizontal combination distances. This ensures that box combinations and subsequent switches and connectors can be professionally installed without reworking.<\/p>\n<p>Drilling template for exact marking of the centering hole<br \/>\nFor creating installation openings at the exact distance<br \/>\nSuitable for masonry and drywall construction<br \/>\nVertical and horizontal application possible<\/p>\n<p><a href=\"https:\/\/www.kaiser-elektro.de\/en_DE\/redirect\/article-plain\/identifier\/1190-65\" target=\"_blank\" rel=\"noopener\">Daugiau informacijos<\/a><\/p>\n<p>Duomen\u0173 lapas:<br \/>\n<a href=\"https:\/\/www.kaiser-elektro.de\/en_DE\/redirect\/datasheet\/identifier\/1190-65\" target=\"_blank\" rel=\"noopener\">Per\u017ei\u016br\u0117ti<\/a><\/p>","protected":false},"excerpt":{"rendered":"<p>Drilling template Drilling template for exact positioning of the centring holes for creating installation openings in masonry. The drilling template<\/p>","protected":false},"featured_media":17182,"template":"","meta":[],"product_brand":[],"product_cat":[789],"product_tag":[],"class_list":{"0":"post-17182","1":"product","2":"type-product","3":"status-publish","4":"has-post-thumbnail","6":"product_cat-tools","8":"first","9":"instock","10":"taxable","11":"shipping-taxable","12":"purchasable","13":"product-type-simple"},"_links":{"self":[{"href":"https:\/\/shop.vallin.lv\/lt\/wp-json\/wp\/v2\/product\/17182","targetHints":{"allow":["GET"]}}],"collection":[{"href":"https:\/\/shop.vallin.lv\/lt\/wp-json\/wp\/v2\/product"}],"about":[{"href":"https:\/\/shop.vallin.lv\/lt\/wp-json\/wp\/v2\/types\/product"}],"version-history":[{"count":5,"href":"https:\/\/shop.vallin.lv\/lt\/wp-json\/wp\/v2\/product\/17182\/revisions"}],"predecessor-version":[{"id":67771,"href":"https:\/\/shop.vallin.lv\/lt\/wp-json\/wp\/v2\/product\/17182\/revisions\/67771"}],"wp:featuredmedia":[{"embeddable":true,"href":"https:\/\/shop.vallin.lv\/lt\/wp-json\/wp\/v2\/product\/17182"}],"wp:attachment":[{"href":"https:\/\/shop.vallin.lv\/lt\/wp-json\/wp\/v2\/media?parent=17182"}],"wp:term":[{"taxonomy":"product_brand","embeddable":true,"href":"https:\/\/shop.vallin.lv\/lt\/wp-json\/wp\/v2\/product_brand?post=17182"},{"taxonomy":"product_cat","embeddable":true,"href":"https:\/\/shop.vallin.lv\/lt\/wp-json\/wp\/v2\/product_cat?post=17182"},{"taxonomy":"product_tag","embeddable":true,"href":"https:\/\/shop.vallin.lv\/lt\/wp-json\/wp\/v2\/product_tag?post=17182"}],"curies":[{"name":"wp","href":"https:\/\/api.w.org\/{rel}","templated":true}]}}