{"id":17178,"date":"2025-12-02T16:30:13","date_gmt":"2025-12-02T14:30:13","guid":{"rendered":"https:\/\/shop.vallin.lv\/product\/flush-mounted-signal-cover-up1-for-installation-opening-o60mm\/"},"modified":"2026-05-07T15:55:45","modified_gmt":"2026-05-07T13:55:45","slug":"flush-mounted-signal-cover-up1-for-installation-opening-o60mm","status":"publish","type":"product","link":"https:\/\/shop.vallin.lv\/lt\/produktas\/flush-mounted-signal-cover-up1-for-installation-opening-o60mm\/","title":{"rendered":"Prisukamas signalo dangtelis UP1 montavimo angai 60mm"},"content":{"rendered":"<p>Signal cover UP\u00b9<br \/>\nThe signal cover for the new UP\u00b9 flush mounting boxes protects the inside of the box and the screw domes during plastering, while the tried-and-tested signal bristles make it easier to find them after plastering. The soft signal bristles gently wrap around and prevent splashing when cleaning.<\/p>\n<p>Protects interior of box, screwing dome and screw heads when plastering<br \/>\nSignal bristles facilitate finding after plastering<br \/>\nSoft signal bristles gently wrap around and prevent splashing when plastering<br \/>\nReusable<\/p>\n<p><a href=\"https:\/\/www.kaiser-elektro.de\/en_DE\/redirect\/article-plain\/identifier\/1181-65\" target=\"_blank\" rel=\"noopener\">Daugiau informacijos<\/a><\/p>\n<p>Duomen\u0173 lapas:<br \/>\n<a href=\"https:\/\/www.kaiser-elektro.de\/en_DE\/redirect\/datasheet\/identifier\/1181-65\" target=\"_blank\" rel=\"noopener\">Per\u017ei\u016br\u0117ti<\/a><\/p>\n<p><a href=\"https:\/\/www.youtube.com\/watch?v=0q2C4IzGPIc\" target=\"_blank\" rel=\"noopener\">Vaizdo \u012fra\u0161as<\/a><\/p>","protected":false},"excerpt":{"rendered":"<p>Signal cover UP\u00b9 The signal cover for the new UP\u00b9 flush mounting boxes protects the inside of the box and<\/p>","protected":false},"featured_media":17178,"template":"","meta":[],"product_brand":[],"product_cat":[788],"product_tag":[],"class_list":{"0":"post-17178","1":"product","2":"type-product","3":"status-publish","4":"has-post-thumbnail","6":"product_cat-accessories-installation-boxes-and-systems","8":"first","9":"instock","10":"taxable","11":"shipping-taxable","12":"purchasable","13":"product-type-simple"},"_links":{"self":[{"href":"https:\/\/shop.vallin.lv\/lt\/wp-json\/wp\/v2\/product\/17178","targetHints":{"allow":["GET"]}}],"collection":[{"href":"https:\/\/shop.vallin.lv\/lt\/wp-json\/wp\/v2\/product"}],"about":[{"href":"https:\/\/shop.vallin.lv\/lt\/wp-json\/wp\/v2\/types\/product"}],"version-history":[{"count":5,"href":"https:\/\/shop.vallin.lv\/lt\/wp-json\/wp\/v2\/product\/17178\/revisions"}],"predecessor-version":[{"id":67767,"href":"https:\/\/shop.vallin.lv\/lt\/wp-json\/wp\/v2\/product\/17178\/revisions\/67767"}],"wp:featuredmedia":[{"embeddable":true,"href":"https:\/\/shop.vallin.lv\/lt\/wp-json\/wp\/v2\/product\/17178"}],"wp:attachment":[{"href":"https:\/\/shop.vallin.lv\/lt\/wp-json\/wp\/v2\/media?parent=17178"}],"wp:term":[{"taxonomy":"product_brand","embeddable":true,"href":"https:\/\/shop.vallin.lv\/lt\/wp-json\/wp\/v2\/product_brand?post=17178"},{"taxonomy":"product_cat","embeddable":true,"href":"https:\/\/shop.vallin.lv\/lt\/wp-json\/wp\/v2\/product_cat?post=17178"},{"taxonomy":"product_tag","embeddable":true,"href":"https:\/\/shop.vallin.lv\/lt\/wp-json\/wp\/v2\/product_tag?post=17178"}],"curies":[{"name":"wp","href":"https:\/\/api.w.org\/{rel}","templated":true}]}}