{"id":17171,"date":"2025-12-02T16:29:58","date_gmt":"2025-12-02T14:29:58","guid":{"rendered":"https:\/\/shop.vallin.lv\/product\/telescope-one-gang-box-for-insulation-thickness-80-200-mm\/"},"modified":"2026-04-16T13:25:56","modified_gmt":"2026-04-16T11:25:56","slug":"telescope-one-gang-box-for-insulation-thickness-80-200-mm","status":"publish","type":"product","link":"https:\/\/shop.vallin.lv\/lt\/produktas\/telescope-one-gang-box-for-insulation-thickness-80-200-mm\/","title":{"rendered":"Teleskopin\u0117 vienagangin\u0117 d\u0117\u017eut\u0117 izoliacijos storiui 80-200 mm"},"content":{"rendered":"<p>Telescope equipment carrier and switch box<br \/>\nFor the safe installation of luminaires, motion detectors and many other accessories in and on insulated facades. Optimised for the latest insulation thicknesses, the telescopic products permit a wide range of applications in external faces with insulation thicknesses from 80 to 200 mm. The two conduit entries on the basic carrier guarantee secure conduit connection. The cable routing which is integrated in the carrier arm ensures a fast, easy cable pull-in.<\/p>\n<p>Stable fit to walls and ceilings<br \/>\nFor insulation thicknesses from 80 to 200 mm<br \/>\nEquipment carriers for accessories up to max. 5 kg<br \/>\nOne-gang boxes can be combined with a standardised 71 mm combination distance<br \/>\nConduit entries on the carrier with internal cable routing<br \/>\nIntegrated indicated dimension allows easy cutting off to insulation thickness<br \/>\nFront fixing and depth stop prevent incorrect installation<br \/>\nFront fixing of the mounting plate\/one-gang box<\/p>\n<p><a href=\"https:\/\/www.kaiser-elektro.de\/en_DE\/redirect\/article-plain\/identifier\/1159-61\" target=\"_blank\" rel=\"noopener\">Daugiau informacijos<\/a><\/p>\n<p>Duomen\u0173 lapas:<br \/>\n<a href=\"https:\/\/www.kaiser-elektro.de\/en_DE\/redirect\/datasheet\/identifier\/1159-61\" target=\"_blank\" rel=\"noopener\">Per\u017ei\u016br\u0117ti<\/a><\/p>\n<p><a href=\"https:\/\/www.youtube.com\/watch?v=VzjgRxNJCiE\" target=\"_blank\" rel=\"noopener\">Vaizdo \u012fra\u0161as<\/a><\/p>","protected":false},"excerpt":{"rendered":"<p>Telescope equipment carrier and switch box For the safe installation of luminaires, motion detectors and many other accessories in and<\/p>","protected":false},"featured_media":17171,"template":"","meta":[],"product_brand":[],"product_cat":[788],"product_tag":[],"class_list":{"0":"post-17171","1":"product","2":"type-product","3":"status-publish","4":"has-post-thumbnail","6":"product_cat-accessories-installation-boxes-and-systems","8":"first","9":"outofstock","10":"taxable","11":"shipping-taxable","12":"purchasable","13":"product-type-simple"},"_links":{"self":[{"href":"https:\/\/shop.vallin.lv\/lt\/wp-json\/wp\/v2\/product\/17171","targetHints":{"allow":["GET"]}}],"collection":[{"href":"https:\/\/shop.vallin.lv\/lt\/wp-json\/wp\/v2\/product"}],"about":[{"href":"https:\/\/shop.vallin.lv\/lt\/wp-json\/wp\/v2\/types\/product"}],"version-history":[{"count":5,"href":"https:\/\/shop.vallin.lv\/lt\/wp-json\/wp\/v2\/product\/17171\/revisions"}],"predecessor-version":[{"id":67760,"href":"https:\/\/shop.vallin.lv\/lt\/wp-json\/wp\/v2\/product\/17171\/revisions\/67760"}],"wp:featuredmedia":[{"embeddable":true,"href":"https:\/\/shop.vallin.lv\/lt\/wp-json\/wp\/v2\/product\/17171"}],"wp:attachment":[{"href":"https:\/\/shop.vallin.lv\/lt\/wp-json\/wp\/v2\/media?parent=17171"}],"wp:term":[{"taxonomy":"product_brand","embeddable":true,"href":"https:\/\/shop.vallin.lv\/lt\/wp-json\/wp\/v2\/product_brand?post=17171"},{"taxonomy":"product_cat","embeddable":true,"href":"https:\/\/shop.vallin.lv\/lt\/wp-json\/wp\/v2\/product_cat?post=17171"},{"taxonomy":"product_tag","embeddable":true,"href":"https:\/\/shop.vallin.lv\/lt\/wp-json\/wp\/v2\/product_tag?post=17171"}],"curies":[{"name":"wp","href":"https:\/\/api.w.org\/{rel}","templated":true}]}}