{"id":17168,"date":"2025-12-02T16:29:53","date_gmt":"2025-12-02T14:29:53","guid":{"rendered":"https:\/\/shop.vallin.lv\/product\/univ-equip-carrier-with-combi-insert-with-rockwool-blank-cut-for-insulation-thickness-80-160-mm\/"},"modified":"2026-04-16T13:26:01","modified_gmt":"2026-04-16T11:26:01","slug":"univ-equip-carrier-with-combi-insert-with-rockwool-blank-cut-for-insulation-thickness-80-160-mm","status":"publish","type":"product","link":"https:\/\/shop.vallin.lv\/lt\/produktas\/univ-equip-carrier-with-combi-insert-with-rockwool-blank-cut-for-insulation-thickness-80-160-mm\/","title":{"rendered":"Univ. apr\u016bpinti. ve\u017e\u0117jas su combi. \u012fterpti su rockwool tu\u0161\u010di\u0105 supjaustyti izoliacijos storis 80-160 mm"},"content":{"rendered":"<p>Universal equipment carrier with combination insert<br \/>\nUniversal equipment carrier with combination insert for the installation of entryphones and installation accessories on the insulated external facade. The perfect basis for intercoms, sockets, switches and much more, and also for two-unit and three-unit combinations.<\/p>\n<p>Guarantees installation without heat bridges<br \/>\nFor entryphones and variable accessory installation combinations of 1 to 3 units<br \/>\nFor future expansion without damaging the external facade<br \/>\nFor insulation thicknesses up to 360 mm<\/p>\n<p><a href=\"https:\/\/www.kaiser-elektro.de\/en_DE\/redirect\/article-plain\/identifier\/1159-26\" target=\"_blank\" rel=\"noopener\">Daugiau informacijos<\/a><\/p>\n<p>Duomen\u0173 lapas:<br \/>\n<a href=\"https:\/\/www.kaiser-elektro.de\/en_DE\/redirect\/datasheet\/identifier\/1159-26\" target=\"_blank\" rel=\"noopener\">Per\u017ei\u016br\u0117ti<\/a><\/p>\n<p>Sertifikatas:<br \/>\n<a href=\"https:\/\/assets.kaiser-elektro.de\/media\/12\/12205\/Zertifikat_Waermebrueckenberechnung_Geraetetraeger_web_DE.pdf\" target=\"_blank\" rel=\"noopener\">3D thermal bridge calculation for an equipment carrier<\/a><\/p>","protected":false},"excerpt":{"rendered":"<p>Universal equipment carrier with combination insert Universal equipment carrier with combination insert for the installation of entryphones and installation accessories<\/p>","protected":false},"featured_media":17168,"template":"","meta":[],"product_brand":[],"product_cat":[788],"product_tag":[],"class_list":{"0":"post-17168","1":"product","2":"type-product","3":"status-publish","4":"has-post-thumbnail","6":"product_cat-accessories-installation-boxes-and-systems","8":"first","9":"outofstock","10":"taxable","11":"shipping-taxable","12":"purchasable","13":"product-type-simple"},"_links":{"self":[{"href":"https:\/\/shop.vallin.lv\/lt\/wp-json\/wp\/v2\/product\/17168","targetHints":{"allow":["GET"]}}],"collection":[{"href":"https:\/\/shop.vallin.lv\/lt\/wp-json\/wp\/v2\/product"}],"about":[{"href":"https:\/\/shop.vallin.lv\/lt\/wp-json\/wp\/v2\/types\/product"}],"version-history":[{"count":5,"href":"https:\/\/shop.vallin.lv\/lt\/wp-json\/wp\/v2\/product\/17168\/revisions"}],"predecessor-version":[{"id":67756,"href":"https:\/\/shop.vallin.lv\/lt\/wp-json\/wp\/v2\/product\/17168\/revisions\/67756"}],"wp:featuredmedia":[{"embeddable":true,"href":"https:\/\/shop.vallin.lv\/lt\/wp-json\/wp\/v2\/product\/17168"}],"wp:attachment":[{"href":"https:\/\/shop.vallin.lv\/lt\/wp-json\/wp\/v2\/media?parent=17168"}],"wp:term":[{"taxonomy":"product_brand","embeddable":true,"href":"https:\/\/shop.vallin.lv\/lt\/wp-json\/wp\/v2\/product_brand?post=17168"},{"taxonomy":"product_cat","embeddable":true,"href":"https:\/\/shop.vallin.lv\/lt\/wp-json\/wp\/v2\/product_cat?post=17168"},{"taxonomy":"product_tag","embeddable":true,"href":"https:\/\/shop.vallin.lv\/lt\/wp-json\/wp\/v2\/product_tag?post=17168"}],"curies":[{"name":"wp","href":"https:\/\/api.w.org\/{rel}","templated":true}]}}