{"id":17165,"date":"2025-12-02T16:29:48","date_gmt":"2025-12-02T14:29:48","guid":{"rendered":"https:\/\/shop.vallin.lv\/product\/flush-mounted-plaster-compen-frame-up1-steplessly-adjustable-from-10-35-mm-with-unit-screws-screw-spacing-60mm\/"},"modified":"2026-04-16T13:24:33","modified_gmt":"2026-04-16T11:24:33","slug":"flush-mounted-plaster-compen-frame-up1-steplessly-adjustable-from-10-35-mm-with-unit-screws-screw-spacing-60mm","status":"publish","type":"product","link":"https:\/\/shop.vallin.lv\/lt\/produktas\/flush-mounted-plaster-compen-frame-up1-steplessly-adjustable-from-10-35-mm-with-unit-screws-screw-spacing-60mm\/","title":{"rendered":"Prisukamas tinko komplektas. R\u0117mas UP1 reguliuojamas nuo 10-35 mm su var\u017etais, tarpai tarp var\u017et\u0173 60mm"},"content":{"rendered":"<p>Stepless plaster compensation frame UP\u00b9<br \/>\nWith the newly developed plaster compensation frame, even accessories in boxes that are installed too low can be installed flush with the wall and in compliance with standards. Also ideal for renovations. The plaster compensation frame is stepless adjustable and can therefore, e.g. bridge retrofitted wall plaster or tiled walls professionally. Due to the stepless immersion into the box, compatibility must be checked prior to installation for devices that take up the maximum installation space, such as SCHUKO sockets with USB charging function, dimmers, etc. Alternatively, the plaster compensation rings 1155-61 or 1155-62 can be used.<\/p>\n<p>To compensate for boxes that are positioned too low<br \/>\nContinuously adjustable from 10 - 35 mm<br \/>\nInstallation accessories can be installed directly with the compensation frame or retrofitted<br \/>\nIncluding screws 40 mm, Pozidriv drive<\/p>\n<p><a href=\"https:\/\/www.kaiser-elektro.de\/en_DE\/redirect\/article-plain\/identifier\/1155-65\" target=\"_blank\" rel=\"noopener\">Daugiau informacijos<\/a><\/p>\n<p>Duomen\u0173 lapas:<br \/>\n<a href=\"https:\/\/www.kaiser-elektro.de\/en_DE\/redirect\/datasheet\/identifier\/1155-65\" target=\"_blank\" rel=\"noopener\">Per\u017ei\u016br\u0117ti<\/a><\/p>\n<p><a href=\"https:\/\/www.youtube.com\/watch?v=0q2C4IzGPIc\" target=\"_blank\" rel=\"noopener\">Vaizdo \u012fra\u0161as<\/a><\/p>","protected":false},"excerpt":{"rendered":"<p>Stepless plaster compensation frame UP\u00b9 With the newly developed plaster compensation frame, even accessories in boxes that are installed too<\/p>","protected":false},"featured_media":17165,"template":"","meta":[],"product_brand":[],"product_cat":[784],"product_tag":[],"class_list":{"0":"post-17165","1":"product","2":"type-product","3":"status-publish","4":"has-post-thumbnail","6":"product_cat-boxes-for-concrete-walls","8":"first","9":"instock","10":"taxable","11":"shipping-taxable","12":"purchasable","13":"product-type-simple"},"_links":{"self":[{"href":"https:\/\/shop.vallin.lv\/lt\/wp-json\/wp\/v2\/product\/17165","targetHints":{"allow":["GET"]}}],"collection":[{"href":"https:\/\/shop.vallin.lv\/lt\/wp-json\/wp\/v2\/product"}],"about":[{"href":"https:\/\/shop.vallin.lv\/lt\/wp-json\/wp\/v2\/types\/product"}],"version-history":[{"count":5,"href":"https:\/\/shop.vallin.lv\/lt\/wp-json\/wp\/v2\/product\/17165\/revisions"}],"predecessor-version":[{"id":67752,"href":"https:\/\/shop.vallin.lv\/lt\/wp-json\/wp\/v2\/product\/17165\/revisions\/67752"}],"wp:featuredmedia":[{"embeddable":true,"href":"https:\/\/shop.vallin.lv\/lt\/wp-json\/wp\/v2\/product\/17165"}],"wp:attachment":[{"href":"https:\/\/shop.vallin.lv\/lt\/wp-json\/wp\/v2\/media?parent=17165"}],"wp:term":[{"taxonomy":"product_brand","embeddable":true,"href":"https:\/\/shop.vallin.lv\/lt\/wp-json\/wp\/v2\/product_brand?post=17165"},{"taxonomy":"product_cat","embeddable":true,"href":"https:\/\/shop.vallin.lv\/lt\/wp-json\/wp\/v2\/product_cat?post=17165"},{"taxonomy":"product_tag","embeddable":true,"href":"https:\/\/shop.vallin.lv\/lt\/wp-json\/wp\/v2\/product_tag?post=17165"}],"curies":[{"name":"wp","href":"https:\/\/api.w.org\/{rel}","templated":true}]}}