{"id":17163,"date":"2025-12-02T16:29:44","date_gmt":"2025-12-02T14:29:44","guid":{"rendered":"https:\/\/shop.vallin.lv\/product\/flush-mounting-plaster-comp-ring-h12-mm-screw-distance-60-mm-with-device-screws\/"},"modified":"2026-04-20T15:01:12","modified_gmt":"2026-04-20T13:01:12","slug":"flush-mounting-plaster-comp-ring-h12-mm-screw-distance-60-mm-with-device-screws","status":"publish","type":"product","link":"https:\/\/shop.vallin.lv\/lt\/produktas\/flush-mounting-plaster-comp-ring-h12-mm-screw-distance-60-mm-with-device-screws\/","title":{"rendered":"Sklend\u0117s montavimo tinkas komp. \u017eiedas h=12 mm var\u017etas atstumas 60 mm su prietaiso var\u017etais"},"content":{"rendered":"<p>Plaster compensation ring to compensate for deep-seated boxes,<br \/>\nto maintain IP protection class<\/p>\n<p><a href=\"https:\/\/www.kaiser-elektro.de\/en_DE\/redirect\/article-plain\/identifier\/1155-61\" target=\"_blank\" rel=\"noopener\">Daugiau informacijos<\/a><\/p>\n<p>Duomen\u0173 lapas:<br \/>\n<a href=\"https:\/\/www.kaiser-elektro.de\/en_DE\/redirect\/datasheet\/identifier\/1155-61\" target=\"_blank\" rel=\"noopener\">Per\u017ei\u016br\u0117ti<\/a><\/p>","protected":false},"excerpt":{"rendered":"<p>Plaster compensation ring to compensate for deep-seated boxes, to maintain IP protection class More information Data Sheet: View<\/p>","protected":false},"featured_media":17163,"template":"","meta":[],"product_brand":[],"product_cat":[784],"product_tag":[],"class_list":{"0":"post-17163","1":"product","2":"type-product","3":"status-publish","4":"has-post-thumbnail","6":"product_cat-boxes-for-concrete-walls","8":"first","9":"instock","10":"taxable","11":"shipping-taxable","12":"purchasable","13":"product-type-simple"},"_links":{"self":[{"href":"https:\/\/shop.vallin.lv\/lt\/wp-json\/wp\/v2\/product\/17163","targetHints":{"allow":["GET"]}}],"collection":[{"href":"https:\/\/shop.vallin.lv\/lt\/wp-json\/wp\/v2\/product"}],"about":[{"href":"https:\/\/shop.vallin.lv\/lt\/wp-json\/wp\/v2\/types\/product"}],"version-history":[{"count":5,"href":"https:\/\/shop.vallin.lv\/lt\/wp-json\/wp\/v2\/product\/17163\/revisions"}],"predecessor-version":[{"id":67750,"href":"https:\/\/shop.vallin.lv\/lt\/wp-json\/wp\/v2\/product\/17163\/revisions\/67750"}],"wp:featuredmedia":[{"embeddable":true,"href":"https:\/\/shop.vallin.lv\/lt\/wp-json\/wp\/v2\/product\/17163"}],"wp:attachment":[{"href":"https:\/\/shop.vallin.lv\/lt\/wp-json\/wp\/v2\/media?parent=17163"}],"wp:term":[{"taxonomy":"product_brand","embeddable":true,"href":"https:\/\/shop.vallin.lv\/lt\/wp-json\/wp\/v2\/product_brand?post=17163"},{"taxonomy":"product_cat","embeddable":true,"href":"https:\/\/shop.vallin.lv\/lt\/wp-json\/wp\/v2\/product_cat?post=17163"},{"taxonomy":"product_tag","embeddable":true,"href":"https:\/\/shop.vallin.lv\/lt\/wp-json\/wp\/v2\/product_tag?post=17163"}],"curies":[{"name":"wp","href":"https:\/\/api.w.org\/{rel}","templated":true}]}}