{"id":17160,"date":"2025-12-02T16:29:39","date_gmt":"2025-12-02T14:29:39","guid":{"rendered":"https:\/\/shop.vallin.lv\/product\/flush-mounting-junction-casing-159-x-159-x-75-mm-halogen-free-with-cover-with-device-screws\/"},"modified":"2026-04-20T15:01:28","modified_gmt":"2026-04-20T13:01:28","slug":"flush-mounting-junction-casing-159-x-159-x-75-mm-halogen-free-with-cover-with-device-screws","status":"publish","type":"product","link":"https:\/\/shop.vallin.lv\/lt\/produktas\/flush-mounting-junction-casing-159-x-159-x-75-mm-halogen-free-with-cover-with-device-screws\/","title":{"rendered":"Sklend\u0117s jungiamasis korpusas 159 x 159 x 75 mm, be halogen\u0173 su dang\u010diu, su \u012ftaiso var\u017etais"},"content":{"rendered":"<p>Junction casings<br \/>\nFlush-mounting junction casings in all sizes and for almost any kind of jobs. This programme features practical housing sizes as well as robust housing design perfect for building sites.<\/p>\n<p>As central junction casings for star-shaped cable laying<br \/>\nEasy to rewire when changing the way rooms are used<br \/>\nWith separator walls to separate electrical circuits<br \/>\nFor installation of DIN terminal strips, TS 35 standard rails for terminal blocks, LSA+ terminal strips and much more<br \/>\nEnd cover with screw fastening for VDE-compliant installation<\/p>\n<p><a href=\"https:\/\/www.kaiser-elektro.de\/en_DE\/redirect\/article-plain\/identifier\/1096-01\" target=\"_blank\" rel=\"noopener\">Daugiau informacijos<\/a><\/p>\n<p>Duomen\u0173 lapas:<br \/>\n<a href=\"https:\/\/www.kaiser-elektro.de\/en_DE\/redirect\/datasheet\/identifier\/1096-01\" target=\"_blank\" rel=\"noopener\">Per\u017ei\u016br\u0117ti<\/a><\/p>","protected":false},"excerpt":{"rendered":"<p>Junction casings Flush-mounting junction casings in all sizes and for almost any kind of jobs. This programme features practical housing<\/p>","protected":false},"featured_media":17160,"template":"","meta":[],"product_brand":[],"product_cat":[784],"product_tag":[],"class_list":{"0":"post-17160","1":"product","2":"type-product","3":"status-publish","4":"has-post-thumbnail","6":"product_cat-boxes-for-concrete-walls","8":"first","9":"instock","10":"taxable","11":"shipping-taxable","12":"purchasable","13":"product-type-simple"},"_links":{"self":[{"href":"https:\/\/shop.vallin.lv\/lt\/wp-json\/wp\/v2\/product\/17160","targetHints":{"allow":["GET"]}}],"collection":[{"href":"https:\/\/shop.vallin.lv\/lt\/wp-json\/wp\/v2\/product"}],"about":[{"href":"https:\/\/shop.vallin.lv\/lt\/wp-json\/wp\/v2\/types\/product"}],"version-history":[{"count":5,"href":"https:\/\/shop.vallin.lv\/lt\/wp-json\/wp\/v2\/product\/17160\/revisions"}],"predecessor-version":[{"id":67747,"href":"https:\/\/shop.vallin.lv\/lt\/wp-json\/wp\/v2\/product\/17160\/revisions\/67747"}],"wp:featuredmedia":[{"embeddable":true,"href":"https:\/\/shop.vallin.lv\/lt\/wp-json\/wp\/v2\/product\/17160"}],"wp:attachment":[{"href":"https:\/\/shop.vallin.lv\/lt\/wp-json\/wp\/v2\/media?parent=17160"}],"wp:term":[{"taxonomy":"product_brand","embeddable":true,"href":"https:\/\/shop.vallin.lv\/lt\/wp-json\/wp\/v2\/product_brand?post=17160"},{"taxonomy":"product_cat","embeddable":true,"href":"https:\/\/shop.vallin.lv\/lt\/wp-json\/wp\/v2\/product_cat?post=17160"},{"taxonomy":"product_tag","embeddable":true,"href":"https:\/\/shop.vallin.lv\/lt\/wp-json\/wp\/v2\/product_tag?post=17160"}],"curies":[{"name":"wp","href":"https:\/\/api.w.org\/{rel}","templated":true}]}}