{"id":17152,"date":"2025-12-02T16:29:25","date_gmt":"2025-12-02T14:29:25","guid":{"rendered":"https:\/\/shop.vallin.lv\/product\/tool-profi-cutter-o-68mm-w-edge-countersink-holder-centr-drill-fine-toothing-8-teeth-per-inch\/"},"modified":"2026-04-16T13:25:45","modified_gmt":"2026-04-16T11:25:45","slug":"tool-profi-cutter-o-68mm-w-edge-countersink-holder-centr-drill-fine-toothing-8-teeth-per-inch","status":"publish","type":"product","link":"https:\/\/shop.vallin.lv\/lt\/produktas\/tool-profi-cutter-o-68mm-w-edge-countersink-holder-centr-drill-fine-toothing-8-teeth-per-inch\/","title":{"rendered":"\u012erankis PROFI pjoviklis  68mm w\/edge countersink, laikiklis, cent. gr\u0105\u017etas Bauda dantuk\u0173 8 dantys colyje"},"content":{"rendered":"<p>PROFI cutter<br \/>\nThe new PROFI cutter is the ideal tool for creating installation openings in drywalls. The fine saw teeth and precise drilling diameter are perfectly matched to the installation of KAISER boxes. The innovative trilo geometry of the cutter head ensures an improved operating life. In combination with the new centring drill, the drilled core can be reliably ejected, enabling fast work.<\/p>\n<p>longer service life due to new cutting edge geometry<br \/>\nFaster installation thanks to reliable drilled core ejection<br \/>\nWith holder, centring drill, countersink hole cutter and drilled core ejector<br \/>\nSpecially for plasterboard, softwood and plywood boards<br \/>\nUnique triangular-round cutter geometry for maximum hole precision<\/p>\n<p><a href=\"https:\/\/www.kaiser-elektro.de\/en_DE\/redirect\/article-plain\/identifier\/1081-10\" target=\"_blank\" rel=\"noopener\">Daugiau informacijos<\/a><\/p>\n<p>Duomen\u0173 lapas:<br \/>\n<a href=\"https:\/\/www.kaiser-elektro.de\/en_DE\/redirect\/datasheet\/identifier\/1081-10\" target=\"_blank\" rel=\"noopener\">Per\u017ei\u016br\u0117ti<\/a><\/p>\n<p><a href=\"https:\/\/www.youtube.com\/watch?v=6vLWgwhr8vI\" target=\"_blank\" rel=\"noopener\">Vaizdo \u012fra\u0161as<\/a><\/p>","protected":false},"excerpt":{"rendered":"<p>PROFI cutter The new PROFI cutter is the ideal tool for creating installation openings in drywalls. The fine saw teeth<\/p>","protected":false},"featured_media":17152,"template":"","meta":[],"product_brand":[],"product_cat":[789],"product_tag":[],"class_list":{"0":"post-17152","1":"product","2":"type-product","3":"status-publish","4":"has-post-thumbnail","6":"product_cat-tools","8":"first","9":"outofstock","10":"taxable","11":"shipping-taxable","12":"purchasable","13":"product-type-simple"},"_links":{"self":[{"href":"https:\/\/shop.vallin.lv\/lt\/wp-json\/wp\/v2\/product\/17152","targetHints":{"allow":["GET"]}}],"collection":[{"href":"https:\/\/shop.vallin.lv\/lt\/wp-json\/wp\/v2\/product"}],"about":[{"href":"https:\/\/shop.vallin.lv\/lt\/wp-json\/wp\/v2\/types\/product"}],"version-history":[{"count":5,"href":"https:\/\/shop.vallin.lv\/lt\/wp-json\/wp\/v2\/product\/17152\/revisions"}],"predecessor-version":[{"id":67739,"href":"https:\/\/shop.vallin.lv\/lt\/wp-json\/wp\/v2\/product\/17152\/revisions\/67739"}],"wp:featuredmedia":[{"embeddable":true,"href":"https:\/\/shop.vallin.lv\/lt\/wp-json\/wp\/v2\/product\/17152"}],"wp:attachment":[{"href":"https:\/\/shop.vallin.lv\/lt\/wp-json\/wp\/v2\/media?parent=17152"}],"wp:term":[{"taxonomy":"product_brand","embeddable":true,"href":"https:\/\/shop.vallin.lv\/lt\/wp-json\/wp\/v2\/product_brand?post=17152"},{"taxonomy":"product_cat","embeddable":true,"href":"https:\/\/shop.vallin.lv\/lt\/wp-json\/wp\/v2\/product_cat?post=17152"},{"taxonomy":"product_tag","embeddable":true,"href":"https:\/\/shop.vallin.lv\/lt\/wp-json\/wp\/v2\/product_tag?post=17152"}],"curies":[{"name":"wp","href":"https:\/\/api.w.org\/{rel}","templated":true}]}}