{"id":17151,"date":"2025-12-02T16:29:24","date_gmt":"2025-12-02T14:29:24","guid":{"rendered":"https:\/\/shop.vallin.lv\/product\/flush-mounting-one-gang-box-acc-to-en-60670-and-ove\/"},"modified":"2026-04-16T13:25:56","modified_gmt":"2026-04-16T11:25:56","slug":"flush-mounting-one-gang-box-acc-to-en-60670-and-ove","status":"publish","type":"product","link":"https:\/\/shop.vallin.lv\/lt\/produktas\/flush-mounting-one-gang-box-acc-to-en-60670-and-ove\/","title":{"rendered":"Skustuvas-Jungtis, vienos gaujos d\u0117\u017eut\u0117, atitinkanti EN 60670 ir VE"},"content":{"rendered":"<p>International products<br \/>\nFor international projects, we offer a large range of products which meet the relevant national standards and regulations.<\/p>\n<p>Dimensions and approvals based on national standards<br \/>\nSuitable installation tools<br \/>\nMany combination options<\/p>\n<p><a href=\"https:\/\/www.kaiser-elektro.de\/en_DE\/redirect\/article-plain\/identifier\/1076-20\" target=\"_blank\" rel=\"noopener\">Daugiau informacijos<\/a><\/p>\n<p>Duomen\u0173 lapas:<br \/>\n<a href=\"https:\/\/www.kaiser-elektro.de\/en_DE\/redirect\/datasheet\/identifier\/1076-20\" target=\"_blank\" rel=\"noopener\">Per\u017ei\u016br\u0117ti<\/a><\/p>","protected":false},"excerpt":{"rendered":"<p>International products For international projects, we offer a large range of products which meet the relevant national standards and regulations.<\/p>","protected":false},"featured_media":17151,"template":"","meta":[],"product_brand":[],"product_cat":[784],"product_tag":[],"class_list":{"0":"post-17151","1":"product","2":"type-product","3":"status-publish","4":"has-post-thumbnail","6":"product_cat-boxes-for-concrete-walls","8":"first","9":"instock","10":"taxable","11":"shipping-taxable","12":"purchasable","13":"product-type-simple"},"_links":{"self":[{"href":"https:\/\/shop.vallin.lv\/lt\/wp-json\/wp\/v2\/product\/17151","targetHints":{"allow":["GET"]}}],"collection":[{"href":"https:\/\/shop.vallin.lv\/lt\/wp-json\/wp\/v2\/product"}],"about":[{"href":"https:\/\/shop.vallin.lv\/lt\/wp-json\/wp\/v2\/types\/product"}],"version-history":[{"count":5,"href":"https:\/\/shop.vallin.lv\/lt\/wp-json\/wp\/v2\/product\/17151\/revisions"}],"predecessor-version":[{"id":67738,"href":"https:\/\/shop.vallin.lv\/lt\/wp-json\/wp\/v2\/product\/17151\/revisions\/67738"}],"wp:featuredmedia":[{"embeddable":true,"href":"https:\/\/shop.vallin.lv\/lt\/wp-json\/wp\/v2\/product\/17151"}],"wp:attachment":[{"href":"https:\/\/shop.vallin.lv\/lt\/wp-json\/wp\/v2\/media?parent=17151"}],"wp:term":[{"taxonomy":"product_brand","embeddable":true,"href":"https:\/\/shop.vallin.lv\/lt\/wp-json\/wp\/v2\/product_brand?post=17151"},{"taxonomy":"product_cat","embeddable":true,"href":"https:\/\/shop.vallin.lv\/lt\/wp-json\/wp\/v2\/product_cat?post=17151"},{"taxonomy":"product_tag","embeddable":true,"href":"https:\/\/shop.vallin.lv\/lt\/wp-json\/wp\/v2\/product_tag?post=17151"}],"curies":[{"name":"wp","href":"https:\/\/api.w.org\/{rel}","templated":true}]}}