{"id":17148,"date":"2025-12-02T16:29:19","date_gmt":"2025-12-02T14:29:19","guid":{"rendered":"https:\/\/shop.vallin.lv\/product\/flush-mounting-electronics-box-twin-chamber-box-with-separator-wall-with-device-screws\/"},"modified":"2026-04-16T13:24:39","modified_gmt":"2026-04-16T11:24:39","slug":"flush-mounting-electronics-box-twin-chamber-box-with-separator-wall-with-device-screws","status":"publish","type":"product","link":"https:\/\/shop.vallin.lv\/lt\/produktas\/flush-mounting-electronics-box-twin-chamber-box-with-separator-wall-with-device-screws\/","title":{"rendered":"Dviej\u0173 kamer\u0173 d\u0117\u017eut\u0117 su separatoriaus siena su prietaiso var\u017etais"},"content":{"rendered":"<p>Electronics box<br \/>\nThe electronics box has space for electronic components. The accompanying separator wall also enables you to have different kinds of voltages in one box.<\/p>\n<p>For accessories and electronic components such as EIB actuators, communication and network technology, radio-controlled elements, alarm modules, etc.<br \/>\nCan be combined with KAISER one-gang boxes via snap-in connector<br \/>\nOptimal for use as an entry box for combinations<br \/>\nThe separator wall (supplied) turns it into a twin-chamber box<\/p>\n<p><a href=\"https:\/\/www.kaiser-elektro.de\/en_DE\/redirect\/article-plain\/identifier\/1068-02\" target=\"_blank\" rel=\"noopener\">Daugiau informacijos<\/a><\/p>\n<p>Duomen\u0173 lapas:<br \/>\n<a href=\"https:\/\/www.kaiser-elektro.de\/en_DE\/redirect\/datasheet\/identifier\/1068-02\" target=\"_blank\" rel=\"noopener\">Per\u017ei\u016br\u0117ti<\/a><\/p>","protected":false},"excerpt":{"rendered":"<p>Electronics box The electronics box has space for electronic components. The accompanying separator wall also enables you to have different<\/p>","protected":false},"featured_media":17148,"template":"","meta":[],"product_brand":[],"product_cat":[784],"product_tag":[],"class_list":{"0":"post-17148","1":"product","2":"type-product","3":"status-publish","4":"has-post-thumbnail","6":"product_cat-boxes-for-concrete-walls","8":"first","9":"outofstock","10":"taxable","11":"shipping-taxable","12":"purchasable","13":"product-type-simple"},"_links":{"self":[{"href":"https:\/\/shop.vallin.lv\/lt\/wp-json\/wp\/v2\/product\/17148","targetHints":{"allow":["GET"]}}],"collection":[{"href":"https:\/\/shop.vallin.lv\/lt\/wp-json\/wp\/v2\/product"}],"about":[{"href":"https:\/\/shop.vallin.lv\/lt\/wp-json\/wp\/v2\/types\/product"}],"version-history":[{"count":5,"href":"https:\/\/shop.vallin.lv\/lt\/wp-json\/wp\/v2\/product\/17148\/revisions"}],"predecessor-version":[{"id":67735,"href":"https:\/\/shop.vallin.lv\/lt\/wp-json\/wp\/v2\/product\/17148\/revisions\/67735"}],"wp:featuredmedia":[{"embeddable":true,"href":"https:\/\/shop.vallin.lv\/lt\/wp-json\/wp\/v2\/product\/17148"}],"wp:attachment":[{"href":"https:\/\/shop.vallin.lv\/lt\/wp-json\/wp\/v2\/media?parent=17148"}],"wp:term":[{"taxonomy":"product_brand","embeddable":true,"href":"https:\/\/shop.vallin.lv\/lt\/wp-json\/wp\/v2\/product_brand?post=17148"},{"taxonomy":"product_cat","embeddable":true,"href":"https:\/\/shop.vallin.lv\/lt\/wp-json\/wp\/v2\/product_cat?post=17148"},{"taxonomy":"product_tag","embeddable":true,"href":"https:\/\/shop.vallin.lv\/lt\/wp-json\/wp\/v2\/product_tag?post=17148"}],"curies":[{"name":"wp","href":"https:\/\/api.w.org\/{rel}","templated":true}]}}