{"id":17143,"date":"2025-12-02T16:29:10","date_gmt":"2025-12-02T14:29:10","guid":{"rendered":"https:\/\/shop.vallin.lv\/product\/sealing-plug-m40-air-tight-and-smoke-tight-for-conduits-metric-inch\/"},"modified":"2026-04-16T13:24:34","modified_gmt":"2026-04-16T11:24:34","slug":"sealing-plug-m40-air-tight-and-smoke-tight-for-conduits-metric-inch","status":"publish","type":"product","link":"https:\/\/shop.vallin.lv\/lt\/produktas\/sealing-plug-m40-air-tight-and-smoke-tight-for-conduits-metric-inch\/","title":{"rendered":"Sandarinimo kam\u0161tis M40, nepralaidus orui ir nepralaidus d\u016bmams vamzd\u017eiams (metrinis\/colyje)"},"content":{"rendered":"<p>Sealing plugs 16-40<br \/>\nSealing plugs with ECON\u00ae technology for sealing all standard electrical installation conduits in installation boxes or at cable outlets. The long sealing plug with three sealing lips and in different widths adapts itself to the installation conduit in use and guarantees air-tight and smoke-tight closing, even when the conduits are cut at an angle. From conduit size M25 and up, the membrane surfaces are separated by bridges, which ensure secure cable routing and prevent damage and gaps between cables.<\/p>\n<p>For empty conduit installations in an air-tight design or in fire protection areas<br \/>\nSealing plug with three sealing lips and different widths adapts itself perfectly to the installation conduit and guarantees an air-tight end<br \/>\nElastic sealing membrane for guaranteed air-tightness<br \/>\nToolless cable entry<br \/>\nReinforcing ribs in the membrane ensure air-tightness for the cables<br \/>\nFor all installation conduits M16 - M40, Pg 9 \u2013 Pg 36, 3\/4\" and 5\/8\"<\/p>\n<p><a href=\"https:\/\/www.kaiser-elektro.de\/en_DE\/redirect\/article-plain\/identifier\/1040-40\" target=\"_blank\" rel=\"noopener\">Daugiau informacijos<\/a><\/p>\n<p>Duomen\u0173 lapas:<br \/>\n<a href=\"https:\/\/www.kaiser-elektro.de\/en_DE\/redirect\/datasheet\/identifier\/1040-40\" target=\"_blank\" rel=\"noopener\">Per\u017ei\u016br\u0117ti<\/a><\/p>\n<p>Sertifikatas:<br \/>\n<a href=\"https:\/\/assets.kaiser-elektro.de\/media\/31\/311\/KAISER_Zertifikat_Dichtstopfen_2011_EN.pdf\" target=\"_blank\" rel=\"noopener\">Sealing plug &#8211; Air-tightness certificate<\/a><\/p>","protected":false},"excerpt":{"rendered":"<p>Sealing plugs 16-40 Sealing plugs with ECON\u00ae technology for sealing all standard electrical installation conduits in installation boxes or at<\/p>","protected":false},"featured_media":17143,"template":"","meta":[],"product_brand":[],"product_cat":[788],"product_tag":[],"class_list":{"0":"post-17143","1":"product","2":"type-product","3":"status-publish","4":"has-post-thumbnail","6":"product_cat-accessories-installation-boxes-and-systems","8":"first","9":"outofstock","10":"taxable","11":"shipping-taxable","12":"purchasable","13":"product-type-simple"},"_links":{"self":[{"href":"https:\/\/shop.vallin.lv\/lt\/wp-json\/wp\/v2\/product\/17143","targetHints":{"allow":["GET"]}}],"collection":[{"href":"https:\/\/shop.vallin.lv\/lt\/wp-json\/wp\/v2\/product"}],"about":[{"href":"https:\/\/shop.vallin.lv\/lt\/wp-json\/wp\/v2\/types\/product"}],"version-history":[{"count":5,"href":"https:\/\/shop.vallin.lv\/lt\/wp-json\/wp\/v2\/product\/17143\/revisions"}],"predecessor-version":[{"id":67730,"href":"https:\/\/shop.vallin.lv\/lt\/wp-json\/wp\/v2\/product\/17143\/revisions\/67730"}],"wp:featuredmedia":[{"embeddable":true,"href":"https:\/\/shop.vallin.lv\/lt\/wp-json\/wp\/v2\/product\/17143"}],"wp:attachment":[{"href":"https:\/\/shop.vallin.lv\/lt\/wp-json\/wp\/v2\/media?parent=17143"}],"wp:term":[{"taxonomy":"product_brand","embeddable":true,"href":"https:\/\/shop.vallin.lv\/lt\/wp-json\/wp\/v2\/product_brand?post=17143"},{"taxonomy":"product_cat","embeddable":true,"href":"https:\/\/shop.vallin.lv\/lt\/wp-json\/wp\/v2\/product_cat?post=17143"},{"taxonomy":"product_tag","embeddable":true,"href":"https:\/\/shop.vallin.lv\/lt\/wp-json\/wp\/v2\/product_tag?post=17143"}],"curies":[{"name":"wp","href":"https:\/\/api.w.org\/{rel}","templated":true}]}}